{"id":472,"date":"2026-03-16T09:26:48","date_gmt":"2026-03-16T09:26:48","guid":{"rendered":"https:\/\/ferienhaus-ursulinenhof.de\/?page_id=472"},"modified":"2026-03-17T09:47:11","modified_gmt":"2026-03-17T09:47:11","slug":"jagdmoeglichkeit-im-kellerwald-bei-jesberg","status":"publish","type":"page","link":"https:\/\/ferienhaus-ursulinenhof.de\/en\/jagdmoeglichkeit-im-kellerwald-bei-jesberg\/","title":{"rendered":"Hunting"},"content":{"rendered":"<h3 class=\"wp-block-heading\">Hunting opportunities in the Kellerwald near Jesberg<\/h3>\n\n\n\n<p>For guests who hunt, there is the possibility\u2014by prior arrangement\u2014to participate in hunting sits in the owner\u2019s nearby hunting grounds in the Kellerwald near Jesberg in Northern Hesse. The area is located in a natural setting and is primarily a field hunting area directly bordering the Kellerwald forest. Typical game includes roe deer, wild boar, and red deer. The hunting grounds cover more than 100 hectares and are attractively located just about a 5-minute drive from the vacation home.<\/p>\n\n\n\n<h3 class=\"wp-block-heading\">Important requirements &amp; information<\/h3>\n\n\n\n<p class=\"translation-block\">This offer is exclusively for guests who hold a valid hunting license. Participation is only possible with prior written hunting permission and personal coordination. All hunting, firearms, and animal welfare regulations must be observed independently by the hunting guest.<br>These details do not constitute a binding public hunting offer. Hunting opportunities are arranged only on a case-by-case basis and after personal consultation.<br>If you are interested, we would be happy to receive a personal inquiry. Please let us know in your message whether you hold a valid hunting license and the period during which you are planning your stay.<\/p>\n\n\n\n<h3 class=\"wp-block-heading\">Hunting stand opportunities<\/h3>\n\n\n\n<p>By prior arrangement, hunting sits can be organized in the nearby hunting grounds. The hunt takes place in a quiet, natural setting with forest and meadow areas along the Kellerwald.<\/p>\n\n\n\n<h3 class=\"wp-block-heading\">Stand fee<\/h3>\n\n\n\n<p>F\u00fcr die Bereitstellung eines Ansitzes wird eine Aufwands- bzw. Ansitzgeb\u00fchr von <strong>60 \u20ac pro Ansitz<\/strong> und pro Person erhoben. Details zu Zeitpunkt, Dauer und Ablauf werden individuell vor dem Aufenthalt abgestimmt.<\/p>\n\n\n\n<h3 class=\"wp-block-heading\">Hunting activities<\/h3>\n\n\n\n<p>Hunting is carried out independently by the hunting guest. Personal guidance by the owner of the hunting grounds is generally not provided. Which game is approved for hunting will be specified by the owner of the hunting grounds prior to the hunting sit.<\/p>\n\n\n\n<h3 class=\"wp-block-heading\">Handling of harvested game<\/h3>\n\n\n\n<p class=\"translation-block\">Harvested game must be properly handled and field-dressed by the hunting guest.<br>The venison can be taken by the guest; in this case, a flat fee of \u20ac2 per kg (field-dressed weight) will be charged.<br>Trophies may of course also be kept by the hunting guest.<\/p>\n\n\n\n<h3 class=\"wp-block-heading\">Requirements<\/h3>\n\n\n\n<p>A valid hunting license is required to participate. The hunting guest is responsible for complying with all hunting regulations, firearms laws, and safety requirements.<\/p>\n\n\n\n<figure class=\"wp-block-gallery has-nested-images columns-default is-cropped wp-block-gallery-1 is-layout-flex wp-block-gallery-is-layout-flex\">\n<figure class=\"wp-block-image size-large\"><img loading=\"lazy\" decoding=\"async\" width=\"1024\" height=\"461\" data-id=\"492\" src=\"https:\/\/ferienhaus-ursulinenhof.de\/wp-content\/uploads\/2026\/03\/jagen-Kellerwald3.jpg\" alt=\"Jagdrevier im Kellerwald bei Jesberg\" class=\"wp-image-492\" srcset=\"https:\/\/ferienhaus-ursulinenhof.de\/wp-content\/uploads\/2026\/03\/jagen-Kellerwald3.jpg 1024w, https:\/\/ferienhaus-ursulinenhof.de\/wp-content\/uploads\/2026\/03\/jagen-Kellerwald3-300x135.jpg 300w, https:\/\/ferienhaus-ursulinenhof.de\/wp-content\/uploads\/2026\/03\/jagen-Kellerwald3-768x346.jpg 768w, https:\/\/ferienhaus-ursulinenhof.de\/wp-content\/uploads\/2026\/03\/jagen-Kellerwald3-18x8.jpg 18w\" sizes=\"auto, (max-width: 1024px) 100vw, 1024px\" \/><\/figure>\n\n\n\n<figure class=\"wp-block-image size-large\"><img loading=\"lazy\" decoding=\"async\" width=\"1024\" height=\"576\" data-id=\"493\" src=\"https:\/\/ferienhaus-ursulinenhof.de\/wp-content\/uploads\/2026\/03\/jagen-kellerwald2.jpg\" alt=\"\" class=\"wp-image-493\" srcset=\"https:\/\/ferienhaus-ursulinenhof.de\/wp-content\/uploads\/2026\/03\/jagen-kellerwald2.jpg 1024w, https:\/\/ferienhaus-ursulinenhof.de\/wp-content\/uploads\/2026\/03\/jagen-kellerwald2-300x169.jpg 300w, https:\/\/ferienhaus-ursulinenhof.de\/wp-content\/uploads\/2026\/03\/jagen-kellerwald2-768x432.jpg 768w, https:\/\/ferienhaus-ursulinenhof.de\/wp-content\/uploads\/2026\/03\/jagen-kellerwald2-18x10.jpg 18w\" sizes=\"auto, (max-width: 1024px) 100vw, 1024px\" \/><\/figure>\n\n\n\n<figure class=\"wp-block-image size-large\"><img loading=\"lazy\" decoding=\"async\" width=\"1024\" height=\"577\" data-id=\"494\" src=\"https:\/\/ferienhaus-ursulinenhof.de\/wp-content\/uploads\/2026\/03\/jagen_Kellerwald.jpg\" alt=\"\" class=\"wp-image-494\" srcset=\"https:\/\/ferienhaus-ursulinenhof.de\/wp-content\/uploads\/2026\/03\/jagen_Kellerwald.jpg 1024w, https:\/\/ferienhaus-ursulinenhof.de\/wp-content\/uploads\/2026\/03\/jagen_Kellerwald-300x169.jpg 300w, https:\/\/ferienhaus-ursulinenhof.de\/wp-content\/uploads\/2026\/03\/jagen_Kellerwald-768x433.jpg 768w, https:\/\/ferienhaus-ursulinenhof.de\/wp-content\/uploads\/2026\/03\/jagen_Kellerwald-18x10.jpg 18w\" sizes=\"auto, (max-width: 1024px) 100vw, 1024px\" \/><\/figure>\n<\/figure>\n\n\n\n<div style=\"height:50px\" aria-hidden=\"true\" class=\"wp-block-spacer\"><\/div>\n\n\n\n<div class=\"wp-block-buttons is-layout-flex wp-block-buttons-is-layout-flex\">\n<div class=\"wp-block-button\"><a class=\"wp-block-button__link wp-element-button\" href=\"https:\/\/ferienhaus-ursulinenhof.de\/en\/verfuegbarkeit\/\">Check availability<\/a><\/div>\n\n\n\n<div class=\"wp-block-button\"><a class=\"wp-block-button__link wp-element-button\" href=\"https:\/\/ferienhaus-ursulinenhof.de\/en\/kontakt\/\">Contact us<\/a><\/div>\n<\/div>\n\n\n\n<p><\/p>","protected":false},"excerpt":{"rendered":"<p>Jagdm\u00f6glichkeit im Kellerwald bei Jesberg F\u00fcr jagende G\u00e4ste besteht nach vorheriger Absprache die M\u00f6glichkeit zur Teilnahme an Ansitzen im nahegelegenen Revier des Vermieters im Kellerwald bei Jesberg in Nordhessen. Das Revier liegt in naturnaher Umgebung es handelt sich um eine Feld Jagd, die direkt am Kellerwald liegt. Typisch ist Rehwild, Schwarzwild und Rotwild. Das Revier [&hellip;]<\/p>\n","protected":false},"author":1,"featured_media":0,"parent":0,"menu_order":0,"comment_status":"closed","ping_status":"closed","template":"","meta":{"footnotes":""},"class_list":["post-472","page","type-page","status-publish","hentry"],"yoast_head":"<!-- This site is optimized with the Yoast SEO plugin v27.4 - https:\/\/yoast.com\/product\/yoast-seo-wordpress\/ -->\n<title>Jagd - Ferienhaus Ursulinenhof<\/title>\n<meta name=\"description\" content=\"jagd-kellerwald-jesberg\" \/>\n<meta name=\"robots\" content=\"index, follow, max-snippet:-1, max-image-preview:large, max-video-preview:-1\" \/>\n<link rel=\"canonical\" href=\"https:\/\/ferienhaus-ursulinenhof.de\/en\/jagdmoeglichkeit-im-kellerwald-bei-jesberg\/\" \/>\n<meta property=\"og:locale\" content=\"en_US\" \/>\n<meta property=\"og:type\" content=\"article\" \/>\n<meta property=\"og:title\" content=\"Jagd - Ferienhaus Ursulinenhof\" \/>\n<meta property=\"og:description\" content=\"jagd-kellerwald-jesberg\" \/>\n<meta property=\"og:url\" content=\"https:\/\/ferienhaus-ursulinenhof.de\/en\/jagdmoeglichkeit-im-kellerwald-bei-jesberg\/\" \/>\n<meta property=\"og:site_name\" content=\"Ferienhaus Ursulinenhof\" \/>\n<meta property=\"article:modified_time\" content=\"2026-03-17T09:47:11+00:00\" \/>\n<meta property=\"og:image\" content=\"https:\/\/ferienhaus-ursulinenhof.de\/wp-content\/uploads\/2026\/03\/jagen-Kellerwald3.jpg\" \/>\n\t<meta property=\"og:image:width\" content=\"1024\" \/>\n\t<meta property=\"og:image:height\" content=\"461\" \/>\n\t<meta property=\"og:image:type\" content=\"image\/jpeg\" \/>\n<meta name=\"twitter:card\" content=\"summary_large_image\" \/>\n<meta name=\"twitter:label1\" content=\"Est. reading time\" \/>\n\t<meta name=\"twitter:data1\" content=\"3 minutes\" \/>\n<script type=\"application\/ld+json\" class=\"yoast-schema-graph\">{\"@context\":\"https:\\\/\\\/schema.org\",\"@graph\":[{\"@type\":\"WebPage\",\"@id\":\"https:\\\/\\\/ferienhaus-ursulinenhof.de\\\/jagdmoeglichkeit-im-kellerwald-bei-jesberg\\\/\",\"url\":\"https:\\\/\\\/ferienhaus-ursulinenhof.de\\\/jagdmoeglichkeit-im-kellerwald-bei-jesberg\\\/\",\"name\":\"Jagd - Ferienhaus Ursulinenhof\",\"isPartOf\":{\"@id\":\"https:\\\/\\\/ferienhaus-ursulinenhof.de\\\/#website\"},\"primaryImageOfPage\":{\"@id\":\"https:\\\/\\\/ferienhaus-ursulinenhof.de\\\/jagdmoeglichkeit-im-kellerwald-bei-jesberg\\\/#primaryimage\"},\"image\":{\"@id\":\"https:\\\/\\\/ferienhaus-ursulinenhof.de\\\/jagdmoeglichkeit-im-kellerwald-bei-jesberg\\\/#primaryimage\"},\"thumbnailUrl\":\"https:\\\/\\\/ferienhaus-ursulinenhof.de\\\/wp-content\\\/uploads\\\/2026\\\/03\\\/jagen-Kellerwald3.jpg\",\"datePublished\":\"2026-03-16T09:26:48+00:00\",\"dateModified\":\"2026-03-17T09:47:11+00:00\",\"description\":\"jagd-kellerwald-jesberg\",\"breadcrumb\":{\"@id\":\"https:\\\/\\\/ferienhaus-ursulinenhof.de\\\/jagdmoeglichkeit-im-kellerwald-bei-jesberg\\\/#breadcrumb\"},\"inLanguage\":\"en-US\",\"potentialAction\":[{\"@type\":\"ReadAction\",\"target\":[\"https:\\\/\\\/ferienhaus-ursulinenhof.de\\\/jagdmoeglichkeit-im-kellerwald-bei-jesberg\\\/\"]}]},{\"@type\":\"ImageObject\",\"inLanguage\":\"en-US\",\"@id\":\"https:\\\/\\\/ferienhaus-ursulinenhof.de\\\/jagdmoeglichkeit-im-kellerwald-bei-jesberg\\\/#primaryimage\",\"url\":\"https:\\\/\\\/ferienhaus-ursulinenhof.de\\\/wp-content\\\/uploads\\\/2026\\\/03\\\/jagen-Kellerwald3.jpg\",\"contentUrl\":\"https:\\\/\\\/ferienhaus-ursulinenhof.de\\\/wp-content\\\/uploads\\\/2026\\\/03\\\/jagen-Kellerwald3.jpg\"},{\"@type\":\"BreadcrumbList\",\"@id\":\"https:\\\/\\\/ferienhaus-ursulinenhof.de\\\/jagdmoeglichkeit-im-kellerwald-bei-jesberg\\\/#breadcrumb\",\"itemListElement\":[{\"@type\":\"ListItem\",\"position\":1,\"name\":\"Start\",\"item\":\"https:\\\/\\\/ferienhaus-ursulinenhof.de\\\/\"},{\"@type\":\"ListItem\",\"position\":2,\"name\":\"Jagd\"}]},{\"@type\":\"WebSite\",\"@id\":\"https:\\\/\\\/ferienhaus-ursulinenhof.de\\\/#website\",\"url\":\"https:\\\/\\\/ferienhaus-ursulinenhof.de\\\/\",\"name\":\"Ferienhaus Ursulinenhof\",\"description\":\"Natur. Ruhe. Weite.\",\"publisher\":{\"@id\":\"https:\\\/\\\/ferienhaus-ursulinenhof.de\\\/#\\\/schema\\\/person\\\/424d19b8723edfa88c08118f7f27273a\"},\"potentialAction\":[{\"@type\":\"SearchAction\",\"target\":{\"@type\":\"EntryPoint\",\"urlTemplate\":\"https:\\\/\\\/ferienhaus-ursulinenhof.de\\\/?s={search_term_string}\"},\"query-input\":{\"@type\":\"PropertyValueSpecification\",\"valueRequired\":true,\"valueName\":\"search_term_string\"}}],\"inLanguage\":\"en-US\"},{\"@type\":[\"Person\",\"Organization\"],\"@id\":\"https:\\\/\\\/ferienhaus-ursulinenhof.de\\\/#\\\/schema\\\/person\\\/424d19b8723edfa88c08118f7f27273a\",\"name\":\"admin\",\"image\":{\"@type\":\"ImageObject\",\"inLanguage\":\"en-US\",\"@id\":\"https:\\\/\\\/secure.gravatar.com\\\/avatar\\\/1184c367cf30a55250cf79c4f44188e45d5f61d60630791d9e194b513c3207a4?s=96&d=mm&r=g\",\"url\":\"https:\\\/\\\/secure.gravatar.com\\\/avatar\\\/1184c367cf30a55250cf79c4f44188e45d5f61d60630791d9e194b513c3207a4?s=96&d=mm&r=g\",\"contentUrl\":\"https:\\\/\\\/secure.gravatar.com\\\/avatar\\\/1184c367cf30a55250cf79c4f44188e45d5f61d60630791d9e194b513c3207a4?s=96&d=mm&r=g\",\"caption\":\"admin\"},\"logo\":{\"@id\":\"https:\\\/\\\/secure.gravatar.com\\\/avatar\\\/1184c367cf30a55250cf79c4f44188e45d5f61d60630791d9e194b513c3207a4?s=96&d=mm&r=g\"},\"sameAs\":[\"http:\\\/\\\/ferienhaus-ursulienenhof.de\"]}]}<\/script>\n<!-- \/ Yoast SEO plugin. -->","yoast_head_json":{"title":"Jagd - Ferienhaus Ursulinenhof","description":"jagd-kellerwald-jesberg","robots":{"index":"index","follow":"follow","max-snippet":"max-snippet:-1","max-image-preview":"max-image-preview:large","max-video-preview":"max-video-preview:-1"},"canonical":"https:\/\/ferienhaus-ursulinenhof.de\/en\/jagdmoeglichkeit-im-kellerwald-bei-jesberg\/","og_locale":"en_US","og_type":"article","og_title":"Jagd - Ferienhaus Ursulinenhof","og_description":"jagd-kellerwald-jesberg","og_url":"https:\/\/ferienhaus-ursulinenhof.de\/en\/jagdmoeglichkeit-im-kellerwald-bei-jesberg\/","og_site_name":"Ferienhaus Ursulinenhof","article_modified_time":"2026-03-17T09:47:11+00:00","og_image":[{"width":1024,"height":461,"url":"https:\/\/ferienhaus-ursulinenhof.de\/wp-content\/uploads\/2026\/03\/jagen-Kellerwald3.jpg","type":"image\/jpeg"}],"twitter_card":"summary_large_image","twitter_misc":{"Est. reading time":"3 minutes"},"schema":{"@context":"https:\/\/schema.org","@graph":[{"@type":"WebPage","@id":"https:\/\/ferienhaus-ursulinenhof.de\/jagdmoeglichkeit-im-kellerwald-bei-jesberg\/","url":"https:\/\/ferienhaus-ursulinenhof.de\/jagdmoeglichkeit-im-kellerwald-bei-jesberg\/","name":"Jagd - Ferienhaus Ursulinenhof","isPartOf":{"@id":"https:\/\/ferienhaus-ursulinenhof.de\/#website"},"primaryImageOfPage":{"@id":"https:\/\/ferienhaus-ursulinenhof.de\/jagdmoeglichkeit-im-kellerwald-bei-jesberg\/#primaryimage"},"image":{"@id":"https:\/\/ferienhaus-ursulinenhof.de\/jagdmoeglichkeit-im-kellerwald-bei-jesberg\/#primaryimage"},"thumbnailUrl":"https:\/\/ferienhaus-ursulinenhof.de\/wp-content\/uploads\/2026\/03\/jagen-Kellerwald3.jpg","datePublished":"2026-03-16T09:26:48+00:00","dateModified":"2026-03-17T09:47:11+00:00","description":"jagd-kellerwald-jesberg","breadcrumb":{"@id":"https:\/\/ferienhaus-ursulinenhof.de\/jagdmoeglichkeit-im-kellerwald-bei-jesberg\/#breadcrumb"},"inLanguage":"en-US","potentialAction":[{"@type":"ReadAction","target":["https:\/\/ferienhaus-ursulinenhof.de\/jagdmoeglichkeit-im-kellerwald-bei-jesberg\/"]}]},{"@type":"ImageObject","inLanguage":"en-US","@id":"https:\/\/ferienhaus-ursulinenhof.de\/jagdmoeglichkeit-im-kellerwald-bei-jesberg\/#primaryimage","url":"https:\/\/ferienhaus-ursulinenhof.de\/wp-content\/uploads\/2026\/03\/jagen-Kellerwald3.jpg","contentUrl":"https:\/\/ferienhaus-ursulinenhof.de\/wp-content\/uploads\/2026\/03\/jagen-Kellerwald3.jpg"},{"@type":"BreadcrumbList","@id":"https:\/\/ferienhaus-ursulinenhof.de\/jagdmoeglichkeit-im-kellerwald-bei-jesberg\/#breadcrumb","itemListElement":[{"@type":"ListItem","position":1,"name":"Start","item":"https:\/\/ferienhaus-ursulinenhof.de\/"},{"@type":"ListItem","position":2,"name":"Jagd"}]},{"@type":"WebSite","@id":"https:\/\/ferienhaus-ursulinenhof.de\/#website","url":"https:\/\/ferienhaus-ursulinenhof.de\/","name":"Ferienhaus Ursulinenhof","description":"Natur. Ruhe. Weite.","publisher":{"@id":"https:\/\/ferienhaus-ursulinenhof.de\/#\/schema\/person\/424d19b8723edfa88c08118f7f27273a"},"potentialAction":[{"@type":"SearchAction","target":{"@type":"EntryPoint","urlTemplate":"https:\/\/ferienhaus-ursulinenhof.de\/?s={search_term_string}"},"query-input":{"@type":"PropertyValueSpecification","valueRequired":true,"valueName":"search_term_string"}}],"inLanguage":"en-US"},{"@type":["Person","Organization"],"@id":"https:\/\/ferienhaus-ursulinenhof.de\/#\/schema\/person\/424d19b8723edfa88c08118f7f27273a","name":"admin","image":{"@type":"ImageObject","inLanguage":"en-US","@id":"https:\/\/secure.gravatar.com\/avatar\/1184c367cf30a55250cf79c4f44188e45d5f61d60630791d9e194b513c3207a4?s=96&d=mm&r=g","url":"https:\/\/secure.gravatar.com\/avatar\/1184c367cf30a55250cf79c4f44188e45d5f61d60630791d9e194b513c3207a4?s=96&d=mm&r=g","contentUrl":"https:\/\/secure.gravatar.com\/avatar\/1184c367cf30a55250cf79c4f44188e45d5f61d60630791d9e194b513c3207a4?s=96&d=mm&r=g","caption":"admin"},"logo":{"@id":"https:\/\/secure.gravatar.com\/avatar\/1184c367cf30a55250cf79c4f44188e45d5f61d60630791d9e194b513c3207a4?s=96&d=mm&r=g"},"sameAs":["http:\/\/ferienhaus-ursulienenhof.de"]}]}},"_links":{"self":[{"href":"https:\/\/ferienhaus-ursulinenhof.de\/en\/wp-json\/wp\/v2\/pages\/472","targetHints":{"allow":["GET"]}}],"collection":[{"href":"https:\/\/ferienhaus-ursulinenhof.de\/en\/wp-json\/wp\/v2\/pages"}],"about":[{"href":"https:\/\/ferienhaus-ursulinenhof.de\/en\/wp-json\/wp\/v2\/types\/page"}],"author":[{"embeddable":true,"href":"https:\/\/ferienhaus-ursulinenhof.de\/en\/wp-json\/wp\/v2\/users\/1"}],"replies":[{"embeddable":true,"href":"https:\/\/ferienhaus-ursulinenhof.de\/en\/wp-json\/wp\/v2\/comments?post=472"}],"version-history":[{"count":8,"href":"https:\/\/ferienhaus-ursulinenhof.de\/en\/wp-json\/wp\/v2\/pages\/472\/revisions"}],"predecessor-version":[{"id":527,"href":"https:\/\/ferienhaus-ursulinenhof.de\/en\/wp-json\/wp\/v2\/pages\/472\/revisions\/527"}],"wp:attachment":[{"href":"https:\/\/ferienhaus-ursulinenhof.de\/en\/wp-json\/wp\/v2\/media?parent=472"}],"curies":[{"name":"wp","href":"https:\/\/api.w.org\/{rel}","templated":true}]}}