{"id":11,"date":"2026-02-07T12:23:54","date_gmt":"2026-02-07T12:23:54","guid":{"rendered":"http:\/\/ferienhaus-ursulienenhof.de\/?page_id=11"},"modified":"2026-03-20T07:38:39","modified_gmt":"2026-03-20T07:38:39","slug":"startseite","status":"publish","type":"page","link":"https:\/\/ferienhaus-ursulinenhof.de\/en\/","title":{"rendered":"Welcome to Ursulinenhof"},"content":{"rendered":"<p class=\"translation-block\">Relaxation begins right here in our spacious vacation home with apartment, surrounded by nature.<br>\nUrsulinenhof is a quietly located vacation home in the Kellerwald region near Jesberg in northern Hesse, Germany. The house is set in the middle of nature, about one kilometer outside the village of Hundshausen, and offers the perfect setting for families, friends, and small groups looking to relax and unwind.<br>\nSurrounded by forests, meadows, and gently rolling hills, the house provides ideal conditions for a peaceful nature getaway.<br>\nIts location near Kellerwald-Edersee National Park makes the vacation home a perfect starting point for hiking, biking, and day trips to Lake Edersee.<\/p>\n\n\n\n<p>Due to its exceptional location and the expansive property of approximately 7 hectares (about 17 acres), unique nature experiences begin right outside the front door.<\/p>\n\n\n\n<ul class=\"wp-block-list\">\n<li class=\"translation-block\">Camping right in the heart of nature. Whether on the meadow or at the edge of the forest, it\u2019s a true adventure\u2014especially for children. The vacation home is close by as a comfortable place to retreat.<\/li>\n\n\n\n<li class=\"translation-block\">Forest bathing &amp; slowing down. The house is nestled within its own private woodland\u2014ideal for forest bathing and mindful time to unwind. The fresh forest air and the natural aromatic compounds it contains (terpenes) promote relaxation and well-being.<\/li>\n\n\n\n<li class=\"translation-block\">Collecting sweet chestnuts in autumn. Sweet chestnut trees grow in our private forest and now produce abundant fruit. In autumn, guests are welcome to collect them by arrangement\u2014a special experience for both children and adults.<\/li>\n\n\n\n<li class=\"translation-block\"><strong>The Horses<\/strong>  \nAcross from the vacation home\u2014separated only by the courtyard\u2014is a facility with an indoor riding arena, stables, and paddocks. This part of the Ursulinenhof is home to a veterinary practice that cares for high-quality breeding mares.  \n<br>\nEspecially during the season from March to August, you will often see impressive horses in the nearby paddocks, sometimes mares with young horses from the previous year.  \n<br>\nSince the horses belong to different owners and stay at the facility only temporarily, they are not meant to be touched or fed. We kindly ask our guests to observe the horses only from a respectful distance.  \n<br>\nTheir calm presence adds to the peaceful, relaxed atmosphere of the Ursulinenhof.<\/li>\n<\/ul>\n\n\n\n<div style=\"height:9px\" aria-hidden=\"true\" class=\"wp-block-spacer\"><\/div>\n\n\n\n<div class=\"wp-block-buttons is-content-justification-center is-layout-flex wp-container-core-buttons-is-layout-16018d1d wp-block-buttons-is-layout-flex\">\n<div class=\"wp-block-button\"><a class=\"wp-block-button__link has-black-background-color has-background wp-element-button\" href=\"http:\/\/ferienhaus-ursulienenhof.de\/preise\/\">View prices<\/a><\/div>\n\n\n\n<div class=\"wp-block-button\"><a class=\"wp-block-button__link wp-element-button\">Check availability<\/a><\/div>\n\n\n\n<div class=\"wp-block-button\"><a class=\"wp-block-button__link wp-element-button\" href=\"http:\/\/ferienhaus-ursulienenhof.de\/kontakt\/\">Contact us<\/a><\/div>\n<\/div>\n\n\n\n<div style=\"height:9px\" aria-hidden=\"true\" class=\"wp-block-spacer\"><\/div>\n\n\n\n<div style=\"height:12px\" aria-hidden=\"true\" class=\"wp-block-spacer\"><\/div>\n\n\n\n<h2 class=\"wp-block-heading has-text-align-center\">Vacation home<\/h2>\n\n\n<div class=\"wp-block-image\">\n<figure class=\"aligncenter size-large is-resized\"><img loading=\"lazy\" decoding=\"async\" width=\"683\" height=\"1024\" src=\"https:\/\/ferienhaus-ursulinenhof.de\/wp-content\/uploads\/2026\/02\/neuAA6F0B17-2E21-4E2A-93A1-1C6951727023-683x1024.png\" alt=\"\" class=\"wp-image-236\" style=\"aspect-ratio:0.666995776424771;width:1140px;height:auto\" srcset=\"https:\/\/ferienhaus-ursulinenhof.de\/wp-content\/uploads\/2026\/02\/neuAA6F0B17-2E21-4E2A-93A1-1C6951727023-683x1024.png 683w, https:\/\/ferienhaus-ursulinenhof.de\/wp-content\/uploads\/2026\/02\/neuAA6F0B17-2E21-4E2A-93A1-1C6951727023-200x300.png 200w, https:\/\/ferienhaus-ursulinenhof.de\/wp-content\/uploads\/2026\/02\/neuAA6F0B17-2E21-4E2A-93A1-1C6951727023-768x1152.png 768w, https:\/\/ferienhaus-ursulinenhof.de\/wp-content\/uploads\/2026\/02\/neuAA6F0B17-2E21-4E2A-93A1-1C6951727023.png 1024w\" sizes=\"auto, (max-width: 683px) 100vw, 683px\" \/><\/figure>\n<\/div>\n\n\n<div style=\"height:3px\" aria-hidden=\"true\" class=\"wp-block-spacer\"><\/div>\n\n\n\n<div style=\"height:0px\" aria-hidden=\"true\" class=\"wp-block-spacer\"><\/div>\n\n\n\n<ul class=\"wp-block-list\">\n<li>Spacious holiday home for families and small groups<\/li>\n\n\n\n<li>Garden and terrace<\/li>\n\n\n\n<li>Quiet standalone location in the forest<\/li>\n\n\n\n<li>Camper parking available on request. A nature-close spot without electricity or water hookups\u2014ideal for van life.<\/li>\n\n\n\n<li>Camping option available upon request.<\/li>\n<\/ul>\n\n\n\n<h4 class=\"wp-block-heading\">Note<\/h4>\n\n\n\n<p>This is a non-smoking property. Pets are not allowed.<\/p>\n\n\n\n<div style=\"height:14px\" aria-hidden=\"true\" class=\"wp-block-spacer\"><\/div>\n\n\n\n<div class=\"wp-block-buttons is-content-justification-center is-layout-flex wp-container-core-buttons-is-layout-16018d1d wp-block-buttons-is-layout-flex\">\n<div class=\"wp-block-button\"><a class=\"wp-block-button__link wp-element-button\" href=\"http:\/\/ferienhaus-ursulienenhof.de\/ferienhaus\/\">View House<\/a><\/div>\n<\/div>\n\n\n\n<div style=\"height:29px\" aria-hidden=\"true\" class=\"wp-block-spacer\"><\/div>\n\n\n\n<h2 class=\"wp-block-heading has-text-align-center\">The Apartment<\/h2>\n\n\n\n<div style=\"height:7px\" aria-hidden=\"true\" class=\"wp-block-spacer\"><\/div>\n\n\n\n<div style=\"height:0px\" aria-hidden=\"true\" class=\"wp-block-spacer\"><\/div>\n\n\n\n<figure class=\"wp-block-image size-full\"><img loading=\"lazy\" decoding=\"async\" width=\"1024\" height=\"683\" src=\"https:\/\/ferienhaus-ursulinenhof.de\/wp-content\/uploads\/2026\/02\/6D7C8540-E4CA-43AF-ABD1-B8B32240D326.png\" alt=\"\" class=\"wp-image-277\" srcset=\"https:\/\/ferienhaus-ursulinenhof.de\/wp-content\/uploads\/2026\/02\/6D7C8540-E4CA-43AF-ABD1-B8B32240D326.png 1024w, https:\/\/ferienhaus-ursulinenhof.de\/wp-content\/uploads\/2026\/02\/6D7C8540-E4CA-43AF-ABD1-B8B32240D326-300x200.png 300w, https:\/\/ferienhaus-ursulinenhof.de\/wp-content\/uploads\/2026\/02\/6D7C8540-E4CA-43AF-ABD1-B8B32240D326-768x512.png 768w\" sizes=\"auto, (max-width: 1024px) 100vw, 1024px\" \/><\/figure>\n\n\n\n<p>The separate apartment is ideal for couples or solo travelers. Cozy, private, and fully equipped with everything you need for a relaxing getaway. If needed, the apartment can also be booked together with the main house. It\u00b4s connected to the House.<\/p>\n\n\n\n<div class=\"wp-block-buttons is-content-justification-center is-layout-flex wp-container-core-buttons-is-layout-16018d1d wp-block-buttons-is-layout-flex\">\n<div class=\"wp-block-button\"><a class=\"wp-block-button__link wp-element-button\" href=\"http:\/\/ferienhaus-ursulienenhof.de\/apartment\/\">View Apartment<\/a><\/div>\n<\/div>\n\n\n\n<div style=\"height:10px\" aria-hidden=\"true\" class=\"wp-block-spacer\"><\/div>\n\n\n\n<div style=\"height:20px\" aria-hidden=\"true\" class=\"wp-block-spacer\"><\/div>\n\n\n\n<div style=\"height:3px\" aria-hidden=\"true\" class=\"wp-block-spacer\"><\/div>\n\n\n\n<h3 class=\"wp-block-heading has-text-align-center\">Location &amp; Nearby Attractions<\/h3>\n\n\n\n<figure class=\"wp-block-image size-full\"><img loading=\"lazy\" decoding=\"async\" width=\"1024\" height=\"768\" src=\"http:\/\/ferienhaus-ursulienenhof.de\/wp-content\/uploads\/2026\/02\/AFEE130380AC4FE3FAD163679ABAF778.jpg\" alt=\"\" class=\"wp-image-138\" srcset=\"https:\/\/ferienhaus-ursulinenhof.de\/wp-content\/uploads\/2026\/02\/AFEE130380AC4FE3FAD163679ABAF778.jpg 1024w, https:\/\/ferienhaus-ursulinenhof.de\/wp-content\/uploads\/2026\/02\/AFEE130380AC4FE3FAD163679ABAF778-300x225.jpg 300w, https:\/\/ferienhaus-ursulinenhof.de\/wp-content\/uploads\/2026\/02\/AFEE130380AC4FE3FAD163679ABAF778-768x576.jpg 768w\" sizes=\"auto, (max-width: 1024px) 100vw, 1024px\" \/><\/figure>\n\n\n\n<p class=\"translation-block\">I\u2019m off then.\nWide-open views, peaceful surroundings, fresh air, and endless possibilities. The Ursulinenhof offers a truly unique location \u2014 the perfect starting point for all your explorations.<\/p>\n\n\n\n<div class=\"wp-block-buttons is-content-justification-center is-layout-flex wp-container-core-buttons-is-layout-16018d1d wp-block-buttons-is-layout-flex\">\n<div class=\"wp-block-button\"><a class=\"wp-block-button__link wp-element-button\" href=\"http:\/\/ferienhaus-ursulienenhof.de\/lage-umgebung\/\">View Location<\/a><\/div>\n<\/div>\n\n\n\n<div style=\"height:31px\" aria-hidden=\"true\" class=\"wp-block-spacer\"><\/div>\n\n\n\n<p class=\"translation-block\">Looking for pure nature, relaxation, culture, and the chance to stay active? The Ursulinenhof has something to offer for every taste.\nFind out more about prices and availability here.<\/p>\n\n\n\n<div style=\"height:22px\" aria-hidden=\"true\" class=\"wp-block-spacer\"><\/div>\n\n\n\n<div class=\"wp-block-buttons alignwide is-content-justification-center is-layout-flex wp-container-core-buttons-is-layout-16018d1d wp-block-buttons-is-layout-flex\">\n<div class=\"wp-block-button\"><a class=\"wp-block-button__link wp-element-button\" href=\"http:\/\/ferienhaus-ursulienenhof.de\/preise\/\">View prices<\/a><\/div>\n\n\n\n<div class=\"wp-block-button\"><a class=\"wp-block-button__link wp-element-button\" href=\"http:\/\/ferienhaus-ursulienenhof.de\/verfuegbarkeit\/\">Check availability<\/a><\/div>\n\n\n\n<div class=\"wp-block-button\"><a class=\"wp-block-button__link wp-element-button\" href=\"http:\/\/ferienhaus-ursulienenhof.de\/kontakt\/\">Contact us<\/a><\/div>\n<\/div>\n\n\n\n<p><\/p>","protected":false},"excerpt":{"rendered":"<p>Die Entspannung beginnt gleich hier, in unserem gro\u00dfz\u00fcgigen Ferienhaus mit Apartment, mitten im Gr\u00fcnen.Der Ursulinenhof ist ein ruhig gelegenes Ferienhaus im Kellerwald bei Jesberg in Nordhessen. Das Haus liegt mitten in der Natur, etwa einen Kilometer au\u00dferhalb der Ortschaft Hundshausen, und bietet ideale Voraussetzungen f\u00fcr Familien, Freunde und kleine Gruppen, die Erholung und Ruhe suchen.Umgeben [&hellip;]<\/p>\n","protected":false},"author":1,"featured_media":0,"parent":0,"menu_order":0,"comment_status":"closed","ping_status":"closed","template":"","meta":{"footnotes":""},"class_list":["post-11","page","type-page","status-publish","hentry"],"yoast_head":"<!-- This site is optimized with the Yoast SEO plugin v27.4 - https:\/\/yoast.com\/product\/yoast-seo-wordpress\/ -->\n<title>Willkommen im Ursulinenhof - Ferienhaus Ursulinenhof<\/title>\n<meta name=\"robots\" content=\"index, follow, max-snippet:-1, max-image-preview:large, max-video-preview:-1\" \/>\n<link rel=\"canonical\" href=\"https:\/\/ferienhaus-ursulinenhof.de\/en\/\" \/>\n<meta property=\"og:locale\" content=\"en_US\" \/>\n<meta property=\"og:type\" content=\"article\" \/>\n<meta property=\"og:title\" content=\"Willkommen im Ursulinenhof - Ferienhaus Ursulinenhof\" \/>\n<meta property=\"og:description\" content=\"Die Entspannung beginnt gleich hier, in unserem gro\u00dfz\u00fcgigen Ferienhaus mit Apartment, mitten im Gr\u00fcnen.Der Ursulinenhof ist ein ruhig gelegenes Ferienhaus im Kellerwald bei Jesberg in Nordhessen. Das Haus liegt mitten in der Natur, etwa einen Kilometer au\u00dferhalb der Ortschaft Hundshausen, und bietet ideale Voraussetzungen f\u00fcr Familien, Freunde und kleine Gruppen, die Erholung und Ruhe suchen.Umgeben [&hellip;]\" \/>\n<meta property=\"og:url\" content=\"https:\/\/ferienhaus-ursulinenhof.de\/en\/\" \/>\n<meta property=\"og:site_name\" content=\"Ferienhaus Ursulinenhof\" \/>\n<meta property=\"article:modified_time\" content=\"2026-03-20T07:38:39+00:00\" \/>\n<meta property=\"og:image\" content=\"https:\/\/ferienhaus-ursulinenhof.de\/wp-content\/uploads\/2026\/02\/neuAA6F0B17-2E21-4E2A-93A1-1C6951727023-683x1024.png\" \/>\n\t<meta property=\"og:image:width\" content=\"683\" \/>\n\t<meta property=\"og:image:height\" content=\"1024\" \/>\n\t<meta property=\"og:image:type\" content=\"image\/png\" \/>\n<meta name=\"twitter:card\" content=\"summary_large_image\" \/>\n<meta name=\"twitter:label1\" content=\"Est. reading time\" \/>\n\t<meta name=\"twitter:data1\" content=\"4 minutes\" \/>\n<script type=\"application\/ld+json\" class=\"yoast-schema-graph\">{\"@context\":\"https:\\\/\\\/schema.org\",\"@graph\":[{\"@type\":\"WebPage\",\"@id\":\"https:\\\/\\\/ferienhaus-ursulinenhof.de\\\/\",\"url\":\"https:\\\/\\\/ferienhaus-ursulinenhof.de\\\/\",\"name\":\"Willkommen im Ursulinenhof - Ferienhaus Ursulinenhof\",\"isPartOf\":{\"@id\":\"https:\\\/\\\/ferienhaus-ursulinenhof.de\\\/#website\"},\"primaryImageOfPage\":{\"@id\":\"https:\\\/\\\/ferienhaus-ursulinenhof.de\\\/#primaryimage\"},\"image\":{\"@id\":\"https:\\\/\\\/ferienhaus-ursulinenhof.de\\\/#primaryimage\"},\"thumbnailUrl\":\"https:\\\/\\\/ferienhaus-ursulinenhof.de\\\/wp-content\\\/uploads\\\/2026\\\/02\\\/neuAA6F0B17-2E21-4E2A-93A1-1C6951727023-683x1024.png\",\"datePublished\":\"2026-02-07T12:23:54+00:00\",\"dateModified\":\"2026-03-20T07:38:39+00:00\",\"breadcrumb\":{\"@id\":\"https:\\\/\\\/ferienhaus-ursulinenhof.de\\\/#breadcrumb\"},\"inLanguage\":\"en-US\",\"potentialAction\":[{\"@type\":\"ReadAction\",\"target\":[\"https:\\\/\\\/ferienhaus-ursulinenhof.de\\\/\"]}]},{\"@type\":\"ImageObject\",\"inLanguage\":\"en-US\",\"@id\":\"https:\\\/\\\/ferienhaus-ursulinenhof.de\\\/#primaryimage\",\"url\":\"https:\\\/\\\/ferienhaus-ursulinenhof.de\\\/wp-content\\\/uploads\\\/2026\\\/02\\\/neuAA6F0B17-2E21-4E2A-93A1-1C6951727023-683x1024.png\",\"contentUrl\":\"https:\\\/\\\/ferienhaus-ursulinenhof.de\\\/wp-content\\\/uploads\\\/2026\\\/02\\\/neuAA6F0B17-2E21-4E2A-93A1-1C6951727023-683x1024.png\"},{\"@type\":\"BreadcrumbList\",\"@id\":\"https:\\\/\\\/ferienhaus-ursulinenhof.de\\\/#breadcrumb\",\"itemListElement\":[{\"@type\":\"ListItem\",\"position\":1,\"name\":\"Start\",\"item\":\"https:\\\/\\\/ferienhaus-ursulinenhof.de\\\/\"},{\"@type\":\"ListItem\",\"position\":2,\"name\":\"Willkommen im Ursulinenhof\"}]},{\"@type\":\"WebSite\",\"@id\":\"https:\\\/\\\/ferienhaus-ursulinenhof.de\\\/#website\",\"url\":\"https:\\\/\\\/ferienhaus-ursulinenhof.de\\\/\",\"name\":\"Ferienhaus Ursulinenhof\",\"description\":\"Natur. Ruhe. Weite.\",\"publisher\":{\"@id\":\"https:\\\/\\\/ferienhaus-ursulinenhof.de\\\/#\\\/schema\\\/person\\\/424d19b8723edfa88c08118f7f27273a\"},\"potentialAction\":[{\"@type\":\"SearchAction\",\"target\":{\"@type\":\"EntryPoint\",\"urlTemplate\":\"https:\\\/\\\/ferienhaus-ursulinenhof.de\\\/?s={search_term_string}\"},\"query-input\":{\"@type\":\"PropertyValueSpecification\",\"valueRequired\":true,\"valueName\":\"search_term_string\"}}],\"inLanguage\":\"en-US\"},{\"@type\":[\"Person\",\"Organization\"],\"@id\":\"https:\\\/\\\/ferienhaus-ursulinenhof.de\\\/#\\\/schema\\\/person\\\/424d19b8723edfa88c08118f7f27273a\",\"name\":\"admin\",\"image\":{\"@type\":\"ImageObject\",\"inLanguage\":\"en-US\",\"@id\":\"https:\\\/\\\/secure.gravatar.com\\\/avatar\\\/1184c367cf30a55250cf79c4f44188e45d5f61d60630791d9e194b513c3207a4?s=96&d=mm&r=g\",\"url\":\"https:\\\/\\\/secure.gravatar.com\\\/avatar\\\/1184c367cf30a55250cf79c4f44188e45d5f61d60630791d9e194b513c3207a4?s=96&d=mm&r=g\",\"contentUrl\":\"https:\\\/\\\/secure.gravatar.com\\\/avatar\\\/1184c367cf30a55250cf79c4f44188e45d5f61d60630791d9e194b513c3207a4?s=96&d=mm&r=g\",\"caption\":\"admin\"},\"logo\":{\"@id\":\"https:\\\/\\\/secure.gravatar.com\\\/avatar\\\/1184c367cf30a55250cf79c4f44188e45d5f61d60630791d9e194b513c3207a4?s=96&d=mm&r=g\"},\"sameAs\":[\"http:\\\/\\\/ferienhaus-ursulienenhof.de\"]}]}<\/script>\n<!-- \/ Yoast SEO plugin. -->","yoast_head_json":{"title":"Willkommen im Ursulinenhof - Ferienhaus Ursulinenhof","robots":{"index":"index","follow":"follow","max-snippet":"max-snippet:-1","max-image-preview":"max-image-preview:large","max-video-preview":"max-video-preview:-1"},"canonical":"https:\/\/ferienhaus-ursulinenhof.de\/en\/","og_locale":"en_US","og_type":"article","og_title":"Willkommen im Ursulinenhof - Ferienhaus Ursulinenhof","og_description":"Die Entspannung beginnt gleich hier, in unserem gro\u00dfz\u00fcgigen Ferienhaus mit Apartment, mitten im Gr\u00fcnen.Der Ursulinenhof ist ein ruhig gelegenes Ferienhaus im Kellerwald bei Jesberg in Nordhessen. Das Haus liegt mitten in der Natur, etwa einen Kilometer au\u00dferhalb der Ortschaft Hundshausen, und bietet ideale Voraussetzungen f\u00fcr Familien, Freunde und kleine Gruppen, die Erholung und Ruhe suchen.Umgeben [&hellip;]","og_url":"https:\/\/ferienhaus-ursulinenhof.de\/en\/","og_site_name":"Ferienhaus Ursulinenhof","article_modified_time":"2026-03-20T07:38:39+00:00","og_image":[{"width":683,"height":1024,"url":"https:\/\/ferienhaus-ursulinenhof.de\/wp-content\/uploads\/2026\/02\/neuAA6F0B17-2E21-4E2A-93A1-1C6951727023-683x1024.png","type":"image\/png"}],"twitter_card":"summary_large_image","twitter_misc":{"Est. reading time":"4 minutes"},"schema":{"@context":"https:\/\/schema.org","@graph":[{"@type":"WebPage","@id":"https:\/\/ferienhaus-ursulinenhof.de\/","url":"https:\/\/ferienhaus-ursulinenhof.de\/","name":"Willkommen im Ursulinenhof - Ferienhaus Ursulinenhof","isPartOf":{"@id":"https:\/\/ferienhaus-ursulinenhof.de\/#website"},"primaryImageOfPage":{"@id":"https:\/\/ferienhaus-ursulinenhof.de\/#primaryimage"},"image":{"@id":"https:\/\/ferienhaus-ursulinenhof.de\/#primaryimage"},"thumbnailUrl":"https:\/\/ferienhaus-ursulinenhof.de\/wp-content\/uploads\/2026\/02\/neuAA6F0B17-2E21-4E2A-93A1-1C6951727023-683x1024.png","datePublished":"2026-02-07T12:23:54+00:00","dateModified":"2026-03-20T07:38:39+00:00","breadcrumb":{"@id":"https:\/\/ferienhaus-ursulinenhof.de\/#breadcrumb"},"inLanguage":"en-US","potentialAction":[{"@type":"ReadAction","target":["https:\/\/ferienhaus-ursulinenhof.de\/"]}]},{"@type":"ImageObject","inLanguage":"en-US","@id":"https:\/\/ferienhaus-ursulinenhof.de\/#primaryimage","url":"https:\/\/ferienhaus-ursulinenhof.de\/wp-content\/uploads\/2026\/02\/neuAA6F0B17-2E21-4E2A-93A1-1C6951727023-683x1024.png","contentUrl":"https:\/\/ferienhaus-ursulinenhof.de\/wp-content\/uploads\/2026\/02\/neuAA6F0B17-2E21-4E2A-93A1-1C6951727023-683x1024.png"},{"@type":"BreadcrumbList","@id":"https:\/\/ferienhaus-ursulinenhof.de\/#breadcrumb","itemListElement":[{"@type":"ListItem","position":1,"name":"Start","item":"https:\/\/ferienhaus-ursulinenhof.de\/"},{"@type":"ListItem","position":2,"name":"Willkommen im Ursulinenhof"}]},{"@type":"WebSite","@id":"https:\/\/ferienhaus-ursulinenhof.de\/#website","url":"https:\/\/ferienhaus-ursulinenhof.de\/","name":"Ferienhaus Ursulinenhof","description":"Natur. Ruhe. Weite.","publisher":{"@id":"https:\/\/ferienhaus-ursulinenhof.de\/#\/schema\/person\/424d19b8723edfa88c08118f7f27273a"},"potentialAction":[{"@type":"SearchAction","target":{"@type":"EntryPoint","urlTemplate":"https:\/\/ferienhaus-ursulinenhof.de\/?s={search_term_string}"},"query-input":{"@type":"PropertyValueSpecification","valueRequired":true,"valueName":"search_term_string"}}],"inLanguage":"en-US"},{"@type":["Person","Organization"],"@id":"https:\/\/ferienhaus-ursulinenhof.de\/#\/schema\/person\/424d19b8723edfa88c08118f7f27273a","name":"admin","image":{"@type":"ImageObject","inLanguage":"en-US","@id":"https:\/\/secure.gravatar.com\/avatar\/1184c367cf30a55250cf79c4f44188e45d5f61d60630791d9e194b513c3207a4?s=96&d=mm&r=g","url":"https:\/\/secure.gravatar.com\/avatar\/1184c367cf30a55250cf79c4f44188e45d5f61d60630791d9e194b513c3207a4?s=96&d=mm&r=g","contentUrl":"https:\/\/secure.gravatar.com\/avatar\/1184c367cf30a55250cf79c4f44188e45d5f61d60630791d9e194b513c3207a4?s=96&d=mm&r=g","caption":"admin"},"logo":{"@id":"https:\/\/secure.gravatar.com\/avatar\/1184c367cf30a55250cf79c4f44188e45d5f61d60630791d9e194b513c3207a4?s=96&d=mm&r=g"},"sameAs":["http:\/\/ferienhaus-ursulienenhof.de"]}]}},"_links":{"self":[{"href":"https:\/\/ferienhaus-ursulinenhof.de\/en\/wp-json\/wp\/v2\/pages\/11","targetHints":{"allow":["GET"]}}],"collection":[{"href":"https:\/\/ferienhaus-ursulinenhof.de\/en\/wp-json\/wp\/v2\/pages"}],"about":[{"href":"https:\/\/ferienhaus-ursulinenhof.de\/en\/wp-json\/wp\/v2\/types\/page"}],"author":[{"embeddable":true,"href":"https:\/\/ferienhaus-ursulinenhof.de\/en\/wp-json\/wp\/v2\/users\/1"}],"replies":[{"embeddable":true,"href":"https:\/\/ferienhaus-ursulinenhof.de\/en\/wp-json\/wp\/v2\/comments?post=11"}],"version-history":[{"count":52,"href":"https:\/\/ferienhaus-ursulinenhof.de\/en\/wp-json\/wp\/v2\/pages\/11\/revisions"}],"predecessor-version":[{"id":546,"href":"https:\/\/ferienhaus-ursulinenhof.de\/en\/wp-json\/wp\/v2\/pages\/11\/revisions\/546"}],"wp:attachment":[{"href":"https:\/\/ferienhaus-ursulinenhof.de\/en\/wp-json\/wp\/v2\/media?parent=11"}],"curies":[{"name":"wp","href":"https:\/\/api.w.org\/{rel}","templated":true}]}}