{"id":17,"date":"2026-02-07T12:24:48","date_gmt":"2026-02-07T12:24:48","guid":{"rendered":"http:\/\/ferienhaus-ursulienenhof.de\/?page_id=17"},"modified":"2026-02-23T12:55:51","modified_gmt":"2026-02-23T12:55:51","slug":"verfuegbarkeit","status":"publish","type":"page","link":"http:\/\/ferienhaus-ursulinenhof.de\/en\/verfuegbarkeit\/","title":{"rendered":"Check availability"},"content":{"rendered":"<p class=\"translation-block\">Here you can find the current availability of our vacation home and the apartment.<br>For booking inquiries or further questions, please contact us directly.<\/p>\n\n\n\n<h3 class=\"wp-block-heading\">Vacation home<\/h3>\n\n\n\n<p>Unavailable dates are marked in the calendar.<\/p>\n\n\n\n<div class=\"cal-wrap\"> <iframe loading=\"lazy\" src=\"https:\/\/calendar.google.com\/calendar\/embed?src=fe4593bcf40a4ce566eb8cbf9819d1d96fe97449c191abf7d8fb5743ae3da166%40group.calendar.google.com&#038;ctz=Europe%2FBerlin\" style=\"border: 0\" width=\"800\" height=\"600\" frameborder=\"0\" scrolling=\"no\"><\/iframe><\/div>\n\n\n\n<div style=\"height:100px\" aria-hidden=\"true\" class=\"wp-block-spacer\"><\/div>\n\n\n\n<h3 class=\"wp-block-heading\">The Apartment<\/h3>\n\n\n\n<p>Unavailable dates are marked in the calendar.<\/p>\n\n\n\n<iframe loading=\"lazy\" src=\"https:\/\/calendar.google.com\/calendar\/embed?src=079585f81e58430baa66518b800ea393931e44d7b6129e52bbf3838a04e123cf%40group.calendar.google.com&#038;ctz=Europe%2FBerlin\" style=\"border: 0\" width=\"800\" height=\"600\" frameborder=\"0\" scrolling=\"no\"><\/iframe>","protected":false},"excerpt":{"rendered":"<p>Hier finden Sie die aktuelle Belegung unseres Ferienhauses und des Apartments.F\u00fcr Buchungsanfragen oder R\u00fcckfragen nehmen Sie bitte pers\u00f6nlich Kontakt mit uns auf. Ferienhaus Belegte Zeitr\u00e4ume sind im Kalender markiert. Apartment Belegte Zeitr\u00e4ume sind im Kalender markiert.<\/p>","protected":false},"author":1,"featured_media":0,"parent":0,"menu_order":0,"comment_status":"closed","ping_status":"closed","template":"","meta":{"footnotes":""},"class_list":["post-17","page","type-page","status-publish","hentry"],"yoast_head":"<!-- This site is optimized with the Yoast SEO plugin v27.4 - https:\/\/yoast.com\/product\/yoast-seo-wordpress\/ -->\n<title>Verf\u00fcgbarkeit - Ferienhaus Ursulinenhof<\/title>\n<meta name=\"robots\" content=\"index, follow, max-snippet:-1, max-image-preview:large, max-video-preview:-1\" \/>\n<link rel=\"canonical\" href=\"https:\/\/ferienhaus-ursulinenhof.de\/en\/verfuegbarkeit\/\" \/>\n<meta property=\"og:locale\" content=\"en_US\" \/>\n<meta property=\"og:type\" content=\"article\" \/>\n<meta property=\"og:title\" content=\"Verf\u00fcgbarkeit - Ferienhaus Ursulinenhof\" \/>\n<meta property=\"og:description\" content=\"Hier finden Sie die aktuelle Belegung unseres Ferienhauses und des Apartments.F\u00fcr Buchungsanfragen oder R\u00fcckfragen nehmen Sie bitte pers\u00f6nlich Kontakt mit uns auf. Ferienhaus Belegte Zeitr\u00e4ume sind im Kalender markiert. Apartment Belegte Zeitr\u00e4ume sind im Kalender markiert.\" \/>\n<meta property=\"og:url\" content=\"https:\/\/ferienhaus-ursulinenhof.de\/en\/verfuegbarkeit\/\" \/>\n<meta property=\"og:site_name\" content=\"Ferienhaus Ursulinenhof\" \/>\n<meta property=\"article:modified_time\" content=\"2026-02-23T12:55:51+00:00\" \/>\n<meta name=\"twitter:card\" content=\"summary_large_image\" \/>\n<script type=\"application\/ld+json\" class=\"yoast-schema-graph\">{\"@context\":\"https:\\\/\\\/schema.org\",\"@graph\":[{\"@type\":\"WebPage\",\"@id\":\"https:\\\/\\\/ferienhaus-ursulinenhof.de\\\/verfuegbarkeit\\\/\",\"url\":\"https:\\\/\\\/ferienhaus-ursulinenhof.de\\\/verfuegbarkeit\\\/\",\"name\":\"Verf\u00fcgbarkeit - Ferienhaus Ursulinenhof\",\"isPartOf\":{\"@id\":\"https:\\\/\\\/ferienhaus-ursulinenhof.de\\\/#website\"},\"datePublished\":\"2026-02-07T12:24:48+00:00\",\"dateModified\":\"2026-02-23T12:55:51+00:00\",\"breadcrumb\":{\"@id\":\"https:\\\/\\\/ferienhaus-ursulinenhof.de\\\/verfuegbarkeit\\\/#breadcrumb\"},\"inLanguage\":\"en-US\",\"potentialAction\":[{\"@type\":\"ReadAction\",\"target\":[\"https:\\\/\\\/ferienhaus-ursulinenhof.de\\\/verfuegbarkeit\\\/\"]}]},{\"@type\":\"BreadcrumbList\",\"@id\":\"https:\\\/\\\/ferienhaus-ursulinenhof.de\\\/verfuegbarkeit\\\/#breadcrumb\",\"itemListElement\":[{\"@type\":\"ListItem\",\"position\":1,\"name\":\"Start\",\"item\":\"https:\\\/\\\/ferienhaus-ursulinenhof.de\\\/\"},{\"@type\":\"ListItem\",\"position\":2,\"name\":\"Verf\u00fcgbarkeit\"}]},{\"@type\":\"WebSite\",\"@id\":\"https:\\\/\\\/ferienhaus-ursulinenhof.de\\\/#website\",\"url\":\"https:\\\/\\\/ferienhaus-ursulinenhof.de\\\/\",\"name\":\"Ferienhaus Ursulinenhof\",\"description\":\"Natur. Ruhe. Weite.\",\"publisher\":{\"@id\":\"https:\\\/\\\/ferienhaus-ursulinenhof.de\\\/#\\\/schema\\\/person\\\/424d19b8723edfa88c08118f7f27273a\"},\"potentialAction\":[{\"@type\":\"SearchAction\",\"target\":{\"@type\":\"EntryPoint\",\"urlTemplate\":\"https:\\\/\\\/ferienhaus-ursulinenhof.de\\\/?s={search_term_string}\"},\"query-input\":{\"@type\":\"PropertyValueSpecification\",\"valueRequired\":true,\"valueName\":\"search_term_string\"}}],\"inLanguage\":\"en-US\"},{\"@type\":[\"Person\",\"Organization\"],\"@id\":\"https:\\\/\\\/ferienhaus-ursulinenhof.de\\\/#\\\/schema\\\/person\\\/424d19b8723edfa88c08118f7f27273a\",\"name\":\"admin\",\"image\":{\"@type\":\"ImageObject\",\"inLanguage\":\"en-US\",\"@id\":\"https:\\\/\\\/secure.gravatar.com\\\/avatar\\\/1184c367cf30a55250cf79c4f44188e45d5f61d60630791d9e194b513c3207a4?s=96&d=mm&r=g\",\"url\":\"https:\\\/\\\/secure.gravatar.com\\\/avatar\\\/1184c367cf30a55250cf79c4f44188e45d5f61d60630791d9e194b513c3207a4?s=96&d=mm&r=g\",\"contentUrl\":\"https:\\\/\\\/secure.gravatar.com\\\/avatar\\\/1184c367cf30a55250cf79c4f44188e45d5f61d60630791d9e194b513c3207a4?s=96&d=mm&r=g\",\"caption\":\"admin\"},\"logo\":{\"@id\":\"https:\\\/\\\/secure.gravatar.com\\\/avatar\\\/1184c367cf30a55250cf79c4f44188e45d5f61d60630791d9e194b513c3207a4?s=96&d=mm&r=g\"},\"sameAs\":[\"http:\\\/\\\/ferienhaus-ursulienenhof.de\"]}]}<\/script>\n<!-- \/ Yoast SEO plugin. -->","yoast_head_json":{"title":"Verf\u00fcgbarkeit - Ferienhaus Ursulinenhof","robots":{"index":"index","follow":"follow","max-snippet":"max-snippet:-1","max-image-preview":"max-image-preview:large","max-video-preview":"max-video-preview:-1"},"canonical":"https:\/\/ferienhaus-ursulinenhof.de\/en\/verfuegbarkeit\/","og_locale":"en_US","og_type":"article","og_title":"Verf\u00fcgbarkeit - Ferienhaus Ursulinenhof","og_description":"Hier finden Sie die aktuelle Belegung unseres Ferienhauses und des Apartments.F\u00fcr Buchungsanfragen oder R\u00fcckfragen nehmen Sie bitte pers\u00f6nlich Kontakt mit uns auf. Ferienhaus Belegte Zeitr\u00e4ume sind im Kalender markiert. Apartment Belegte Zeitr\u00e4ume sind im Kalender markiert.","og_url":"https:\/\/ferienhaus-ursulinenhof.de\/en\/verfuegbarkeit\/","og_site_name":"Ferienhaus Ursulinenhof","article_modified_time":"2026-02-23T12:55:51+00:00","twitter_card":"summary_large_image","schema":{"@context":"https:\/\/schema.org","@graph":[{"@type":"WebPage","@id":"https:\/\/ferienhaus-ursulinenhof.de\/verfuegbarkeit\/","url":"https:\/\/ferienhaus-ursulinenhof.de\/verfuegbarkeit\/","name":"Verf\u00fcgbarkeit - Ferienhaus Ursulinenhof","isPartOf":{"@id":"https:\/\/ferienhaus-ursulinenhof.de\/#website"},"datePublished":"2026-02-07T12:24:48+00:00","dateModified":"2026-02-23T12:55:51+00:00","breadcrumb":{"@id":"https:\/\/ferienhaus-ursulinenhof.de\/verfuegbarkeit\/#breadcrumb"},"inLanguage":"en-US","potentialAction":[{"@type":"ReadAction","target":["https:\/\/ferienhaus-ursulinenhof.de\/verfuegbarkeit\/"]}]},{"@type":"BreadcrumbList","@id":"https:\/\/ferienhaus-ursulinenhof.de\/verfuegbarkeit\/#breadcrumb","itemListElement":[{"@type":"ListItem","position":1,"name":"Start","item":"https:\/\/ferienhaus-ursulinenhof.de\/"},{"@type":"ListItem","position":2,"name":"Verf\u00fcgbarkeit"}]},{"@type":"WebSite","@id":"https:\/\/ferienhaus-ursulinenhof.de\/#website","url":"https:\/\/ferienhaus-ursulinenhof.de\/","name":"Ferienhaus Ursulinenhof","description":"Natur. Ruhe. Weite.","publisher":{"@id":"https:\/\/ferienhaus-ursulinenhof.de\/#\/schema\/person\/424d19b8723edfa88c08118f7f27273a"},"potentialAction":[{"@type":"SearchAction","target":{"@type":"EntryPoint","urlTemplate":"https:\/\/ferienhaus-ursulinenhof.de\/?s={search_term_string}"},"query-input":{"@type":"PropertyValueSpecification","valueRequired":true,"valueName":"search_term_string"}}],"inLanguage":"en-US"},{"@type":["Person","Organization"],"@id":"https:\/\/ferienhaus-ursulinenhof.de\/#\/schema\/person\/424d19b8723edfa88c08118f7f27273a","name":"admin","image":{"@type":"ImageObject","inLanguage":"en-US","@id":"https:\/\/secure.gravatar.com\/avatar\/1184c367cf30a55250cf79c4f44188e45d5f61d60630791d9e194b513c3207a4?s=96&d=mm&r=g","url":"https:\/\/secure.gravatar.com\/avatar\/1184c367cf30a55250cf79c4f44188e45d5f61d60630791d9e194b513c3207a4?s=96&d=mm&r=g","contentUrl":"https:\/\/secure.gravatar.com\/avatar\/1184c367cf30a55250cf79c4f44188e45d5f61d60630791d9e194b513c3207a4?s=96&d=mm&r=g","caption":"admin"},"logo":{"@id":"https:\/\/secure.gravatar.com\/avatar\/1184c367cf30a55250cf79c4f44188e45d5f61d60630791d9e194b513c3207a4?s=96&d=mm&r=g"},"sameAs":["http:\/\/ferienhaus-ursulienenhof.de"]}]}},"_links":{"self":[{"href":"http:\/\/ferienhaus-ursulinenhof.de\/en\/wp-json\/wp\/v2\/pages\/17","targetHints":{"allow":["GET"]}}],"collection":[{"href":"http:\/\/ferienhaus-ursulinenhof.de\/en\/wp-json\/wp\/v2\/pages"}],"about":[{"href":"http:\/\/ferienhaus-ursulinenhof.de\/en\/wp-json\/wp\/v2\/types\/page"}],"author":[{"embeddable":true,"href":"http:\/\/ferienhaus-ursulinenhof.de\/en\/wp-json\/wp\/v2\/users\/1"}],"replies":[{"embeddable":true,"href":"http:\/\/ferienhaus-ursulinenhof.de\/en\/wp-json\/wp\/v2\/comments?post=17"}],"version-history":[{"count":18,"href":"http:\/\/ferienhaus-ursulinenhof.de\/en\/wp-json\/wp\/v2\/pages\/17\/revisions"}],"predecessor-version":[{"id":297,"href":"http:\/\/ferienhaus-ursulinenhof.de\/en\/wp-json\/wp\/v2\/pages\/17\/revisions\/297"}],"wp:attachment":[{"href":"http:\/\/ferienhaus-ursulinenhof.de\/en\/wp-json\/wp\/v2\/media?parent=17"}],"curies":[{"name":"wp","href":"https:\/\/api.w.org\/{rel}","templated":true}]}}