{"id":15,"date":"2026-02-07T12:24:37","date_gmt":"2026-02-07T12:24:37","guid":{"rendered":"http:\/\/ferienhaus-ursulienenhof.de\/?page_id=15"},"modified":"2026-03-11T17:07:50","modified_gmt":"2026-03-11T17:07:50","slug":"apartment","status":"publish","type":"page","link":"http:\/\/ferienhaus-ursulinenhof.de\/en\/apartment\/","title":{"rendered":"The Apartment"},"content":{"rendered":"<p class=\"translation-block\">The cozy apartment has a size of approximately 30 m\u00b2 (about 320 sq ft) and is suitable for up to two guests. It features a bed and a Murphy bed, as well as a private, fully equipped bathroom with a shower.\nA large window running almost the entire length of the room offers views of the surrounding greenery and fills the space with plenty of natural daylight.<br>A small, equipped kitchen with two stovetop burners and a refrigerator, as well as a seating area with satellite TV, are also provided.<\/p>\n\n\n\n<p>The apartment can be booked separately or included as part of the house booking. It has its own private entrance with a small entryway and coat rack.<\/p>\n\n\n\n<h4 class=\"wp-block-heading\">Note<\/h4>\n\n\n\n<p>The vacation home is a non-smoking property, and this also applies to the apartment. Unfortunately, pets are not allowed.<\/p>\n\n\n\n<div style=\"height:14px\" aria-hidden=\"true\" class=\"wp-block-spacer\"><\/div>\n\n\n\n<div class=\"wp-block-group\"><div class=\"wp-block-group__inner-container is-layout-constrained wp-block-group-is-layout-constrained\">\n<div class=\"wp-block-columns is-layout-flex wp-container-core-columns-is-layout-9d6595d7 wp-block-columns-is-layout-flex\">\n<div class=\"wp-block-column is-layout-flow wp-block-column-is-layout-flow\" style=\"flex-basis:100%\">\n<div class=\"wp-block-group is-vertical is-layout-flex wp-container-core-group-is-layout-8cf370e7 wp-block-group-is-layout-flex\">\n<figure class=\"wp-block-gallery aligncenter has-nested-images columns-default is-cropped wp-block-gallery-2 is-layout-flex wp-block-gallery-is-layout-flex\"><div class=\"wp-block-image\">\n<figure class=\"aligncenter size-large\"><img loading=\"lazy\" decoding=\"async\" width=\"1024\" height=\"683\" data-id=\"277\" src=\"https:\/\/ferienhaus-ursulinenhof.de\/wp-content\/uploads\/2026\/02\/6D7C8540-E4CA-43AF-ABD1-B8B32240D326.png\" alt=\"\" class=\"wp-image-277\" srcset=\"https:\/\/ferienhaus-ursulinenhof.de\/wp-content\/uploads\/2026\/02\/6D7C8540-E4CA-43AF-ABD1-B8B32240D326.png 1024w, https:\/\/ferienhaus-ursulinenhof.de\/wp-content\/uploads\/2026\/02\/6D7C8540-E4CA-43AF-ABD1-B8B32240D326-300x200.png 300w, https:\/\/ferienhaus-ursulinenhof.de\/wp-content\/uploads\/2026\/02\/6D7C8540-E4CA-43AF-ABD1-B8B32240D326-768x512.png 768w\" sizes=\"auto, (max-width: 1024px) 100vw, 1024px\" \/><\/figure>\n<\/div>\n\n<div class=\"wp-block-image\">\n<figure class=\"aligncenter size-large\"><img loading=\"lazy\" decoding=\"async\" width=\"1024\" height=\"683\" data-id=\"274\" src=\"https:\/\/ferienhaus-ursulinenhof.de\/wp-content\/uploads\/2026\/02\/4F5F139B-3000-46C7-BF7C-FD98E18EE4FB.png\" alt=\"\" class=\"wp-image-274\" srcset=\"https:\/\/ferienhaus-ursulinenhof.de\/wp-content\/uploads\/2026\/02\/4F5F139B-3000-46C7-BF7C-FD98E18EE4FB.png 1024w, https:\/\/ferienhaus-ursulinenhof.de\/wp-content\/uploads\/2026\/02\/4F5F139B-3000-46C7-BF7C-FD98E18EE4FB-300x200.png 300w, https:\/\/ferienhaus-ursulinenhof.de\/wp-content\/uploads\/2026\/02\/4F5F139B-3000-46C7-BF7C-FD98E18EE4FB-768x512.png 768w\" sizes=\"auto, (max-width: 1024px) 100vw, 1024px\" \/><\/figure>\n<\/div>\n\n<div class=\"wp-block-image is-style-default wp-duotone-unset-1\">\n<figure class=\"aligncenter size-large\"><img loading=\"lazy\" decoding=\"async\" width=\"683\" height=\"1024\" data-id=\"275\" src=\"https:\/\/ferienhaus-ursulinenhof.de\/wp-content\/uploads\/2026\/02\/5917F00E-BCE1-4D1C-8219-7F4F3B40EFC9-683x1024.png\" alt=\"\" class=\"wp-image-275\" srcset=\"https:\/\/ferienhaus-ursulinenhof.de\/wp-content\/uploads\/2026\/02\/5917F00E-BCE1-4D1C-8219-7F4F3B40EFC9-683x1024.png 683w, https:\/\/ferienhaus-ursulinenhof.de\/wp-content\/uploads\/2026\/02\/5917F00E-BCE1-4D1C-8219-7F4F3B40EFC9-200x300.png 200w, https:\/\/ferienhaus-ursulinenhof.de\/wp-content\/uploads\/2026\/02\/5917F00E-BCE1-4D1C-8219-7F4F3B40EFC9-768x1152.png 768w, https:\/\/ferienhaus-ursulinenhof.de\/wp-content\/uploads\/2026\/02\/5917F00E-BCE1-4D1C-8219-7F4F3B40EFC9.png 1024w\" sizes=\"auto, (max-width: 683px) 100vw, 683px\" \/><\/figure>\n<\/div><\/figure>\n<\/div>\n<\/div>\n<\/div>\n<\/div><\/div>\n\n\n\n<div style=\"height:42px\" aria-hidden=\"true\" class=\"wp-block-spacer\"><\/div>\n\n\n\n<div class=\"wp-block-buttons is-layout-flex wp-block-buttons-is-layout-flex\">\n<div class=\"wp-block-button\"><a class=\"wp-block-button__link wp-element-button\" href=\"https:\/\/ferienhaus-ursulinenhof.de\/en\/preise\/\">View prices<\/a><\/div>\n\n\n\n<div class=\"wp-block-button\"><a class=\"wp-block-button__link wp-element-button\" href=\"https:\/\/ferienhaus-ursulinenhof.de\/en\/verfuegbarkeit\/\">Check availability<\/a><\/div>\n<\/div>\n\n\n\n<p><\/p>","protected":false},"excerpt":{"rendered":"<p>Das gem\u00fctliche Apartment hat eine Gr\u00f6\u00dfe von ca. 30 m\u00b2 und ist f\u00fcr bis zu zwei Personen geeignet. Es verf\u00fcgt \u00fcber ein Bett und ein Schrankbett sowie ein eigenes vollausgestattetes Badezimmer mit Dusche. Fast \u00fcber die gesamte Rauml\u00e4nge bietet ein gro\u00dfes Fenster einen Ausblick ins Gr\u00fcne und erf\u00fcllt den Raum mit viel Tageslicht.Eine kleine, ausgestattete [&hellip;]<\/p>\n","protected":false},"author":1,"featured_media":0,"parent":0,"menu_order":0,"comment_status":"closed","ping_status":"closed","template":"","meta":{"footnotes":""},"class_list":["post-15","page","type-page","status-publish","hentry"],"yoast_head":"<!-- This site is optimized with the Yoast SEO plugin v27.4 - https:\/\/yoast.com\/product\/yoast-seo-wordpress\/ -->\n<title>Apartment - Ferienhaus Ursulinenhof<\/title>\n<meta name=\"robots\" content=\"index, follow, max-snippet:-1, max-image-preview:large, max-video-preview:-1\" \/>\n<link rel=\"canonical\" href=\"https:\/\/ferienhaus-ursulinenhof.de\/en\/apartment\/\" \/>\n<meta property=\"og:locale\" content=\"en_US\" \/>\n<meta property=\"og:type\" content=\"article\" \/>\n<meta property=\"og:title\" content=\"Apartment - Ferienhaus Ursulinenhof\" \/>\n<meta property=\"og:description\" content=\"Das gem\u00fctliche Apartment hat eine Gr\u00f6\u00dfe von ca. 30 m\u00b2 und ist f\u00fcr bis zu zwei Personen geeignet. Es verf\u00fcgt \u00fcber ein Bett und ein Schrankbett sowie ein eigenes vollausgestattetes Badezimmer mit Dusche. Fast \u00fcber die gesamte Rauml\u00e4nge bietet ein gro\u00dfes Fenster einen Ausblick ins Gr\u00fcne und erf\u00fcllt den Raum mit viel Tageslicht.Eine kleine, ausgestattete [&hellip;]\" \/>\n<meta property=\"og:url\" content=\"https:\/\/ferienhaus-ursulinenhof.de\/en\/apartment\/\" \/>\n<meta property=\"og:site_name\" content=\"Ferienhaus Ursulinenhof\" \/>\n<meta property=\"article:modified_time\" content=\"2026-03-11T17:07:50+00:00\" \/>\n<meta property=\"og:image\" content=\"https:\/\/ferienhaus-ursulinenhof.de\/wp-content\/uploads\/2026\/02\/6D7C8540-E4CA-43AF-ABD1-B8B32240D326.png\" \/>\n\t<meta property=\"og:image:width\" content=\"1024\" \/>\n\t<meta property=\"og:image:height\" content=\"683\" \/>\n\t<meta property=\"og:image:type\" content=\"image\/png\" \/>\n<meta name=\"twitter:card\" content=\"summary_large_image\" \/>\n<meta name=\"twitter:label1\" content=\"Est. reading time\" \/>\n\t<meta name=\"twitter:data1\" content=\"1 minute\" \/>\n<script type=\"application\/ld+json\" class=\"yoast-schema-graph\">{\"@context\":\"https:\\\/\\\/schema.org\",\"@graph\":[{\"@type\":\"WebPage\",\"@id\":\"https:\\\/\\\/ferienhaus-ursulinenhof.de\\\/apartment\\\/\",\"url\":\"https:\\\/\\\/ferienhaus-ursulinenhof.de\\\/apartment\\\/\",\"name\":\"Apartment - Ferienhaus Ursulinenhof\",\"isPartOf\":{\"@id\":\"https:\\\/\\\/ferienhaus-ursulinenhof.de\\\/#website\"},\"primaryImageOfPage\":{\"@id\":\"https:\\\/\\\/ferienhaus-ursulinenhof.de\\\/apartment\\\/#primaryimage\"},\"image\":{\"@id\":\"https:\\\/\\\/ferienhaus-ursulinenhof.de\\\/apartment\\\/#primaryimage\"},\"thumbnailUrl\":\"https:\\\/\\\/ferienhaus-ursulinenhof.de\\\/wp-content\\\/uploads\\\/2026\\\/02\\\/6D7C8540-E4CA-43AF-ABD1-B8B32240D326.png\",\"datePublished\":\"2026-02-07T12:24:37+00:00\",\"dateModified\":\"2026-03-11T17:07:50+00:00\",\"breadcrumb\":{\"@id\":\"https:\\\/\\\/ferienhaus-ursulinenhof.de\\\/apartment\\\/#breadcrumb\"},\"inLanguage\":\"en-US\",\"potentialAction\":[{\"@type\":\"ReadAction\",\"target\":[\"https:\\\/\\\/ferienhaus-ursulinenhof.de\\\/apartment\\\/\"]}]},{\"@type\":\"ImageObject\",\"inLanguage\":\"en-US\",\"@id\":\"https:\\\/\\\/ferienhaus-ursulinenhof.de\\\/apartment\\\/#primaryimage\",\"url\":\"https:\\\/\\\/ferienhaus-ursulinenhof.de\\\/wp-content\\\/uploads\\\/2026\\\/02\\\/6D7C8540-E4CA-43AF-ABD1-B8B32240D326.png\",\"contentUrl\":\"https:\\\/\\\/ferienhaus-ursulinenhof.de\\\/wp-content\\\/uploads\\\/2026\\\/02\\\/6D7C8540-E4CA-43AF-ABD1-B8B32240D326.png\"},{\"@type\":\"BreadcrumbList\",\"@id\":\"https:\\\/\\\/ferienhaus-ursulinenhof.de\\\/apartment\\\/#breadcrumb\",\"itemListElement\":[{\"@type\":\"ListItem\",\"position\":1,\"name\":\"Start\",\"item\":\"https:\\\/\\\/ferienhaus-ursulinenhof.de\\\/\"},{\"@type\":\"ListItem\",\"position\":2,\"name\":\"Apartment\"}]},{\"@type\":\"WebSite\",\"@id\":\"https:\\\/\\\/ferienhaus-ursulinenhof.de\\\/#website\",\"url\":\"https:\\\/\\\/ferienhaus-ursulinenhof.de\\\/\",\"name\":\"Ferienhaus Ursulinenhof\",\"description\":\"Natur. Ruhe. Weite.\",\"publisher\":{\"@id\":\"https:\\\/\\\/ferienhaus-ursulinenhof.de\\\/#\\\/schema\\\/person\\\/424d19b8723edfa88c08118f7f27273a\"},\"potentialAction\":[{\"@type\":\"SearchAction\",\"target\":{\"@type\":\"EntryPoint\",\"urlTemplate\":\"https:\\\/\\\/ferienhaus-ursulinenhof.de\\\/?s={search_term_string}\"},\"query-input\":{\"@type\":\"PropertyValueSpecification\",\"valueRequired\":true,\"valueName\":\"search_term_string\"}}],\"inLanguage\":\"en-US\"},{\"@type\":[\"Person\",\"Organization\"],\"@id\":\"https:\\\/\\\/ferienhaus-ursulinenhof.de\\\/#\\\/schema\\\/person\\\/424d19b8723edfa88c08118f7f27273a\",\"name\":\"admin\",\"image\":{\"@type\":\"ImageObject\",\"inLanguage\":\"en-US\",\"@id\":\"https:\\\/\\\/secure.gravatar.com\\\/avatar\\\/1184c367cf30a55250cf79c4f44188e45d5f61d60630791d9e194b513c3207a4?s=96&d=mm&r=g\",\"url\":\"https:\\\/\\\/secure.gravatar.com\\\/avatar\\\/1184c367cf30a55250cf79c4f44188e45d5f61d60630791d9e194b513c3207a4?s=96&d=mm&r=g\",\"contentUrl\":\"https:\\\/\\\/secure.gravatar.com\\\/avatar\\\/1184c367cf30a55250cf79c4f44188e45d5f61d60630791d9e194b513c3207a4?s=96&d=mm&r=g\",\"caption\":\"admin\"},\"logo\":{\"@id\":\"https:\\\/\\\/secure.gravatar.com\\\/avatar\\\/1184c367cf30a55250cf79c4f44188e45d5f61d60630791d9e194b513c3207a4?s=96&d=mm&r=g\"},\"sameAs\":[\"http:\\\/\\\/ferienhaus-ursulienenhof.de\"]}]}<\/script>\n<!-- \/ Yoast SEO plugin. -->","yoast_head_json":{"title":"Apartment - Ferienhaus Ursulinenhof","robots":{"index":"index","follow":"follow","max-snippet":"max-snippet:-1","max-image-preview":"max-image-preview:large","max-video-preview":"max-video-preview:-1"},"canonical":"https:\/\/ferienhaus-ursulinenhof.de\/en\/apartment\/","og_locale":"en_US","og_type":"article","og_title":"Apartment - Ferienhaus Ursulinenhof","og_description":"Das gem\u00fctliche Apartment hat eine Gr\u00f6\u00dfe von ca. 30 m\u00b2 und ist f\u00fcr bis zu zwei Personen geeignet. Es verf\u00fcgt \u00fcber ein Bett und ein Schrankbett sowie ein eigenes vollausgestattetes Badezimmer mit Dusche. Fast \u00fcber die gesamte Rauml\u00e4nge bietet ein gro\u00dfes Fenster einen Ausblick ins Gr\u00fcne und erf\u00fcllt den Raum mit viel Tageslicht.Eine kleine, ausgestattete [&hellip;]","og_url":"https:\/\/ferienhaus-ursulinenhof.de\/en\/apartment\/","og_site_name":"Ferienhaus Ursulinenhof","article_modified_time":"2026-03-11T17:07:50+00:00","og_image":[{"width":1024,"height":683,"url":"https:\/\/ferienhaus-ursulinenhof.de\/wp-content\/uploads\/2026\/02\/6D7C8540-E4CA-43AF-ABD1-B8B32240D326.png","type":"image\/png"}],"twitter_card":"summary_large_image","twitter_misc":{"Est. reading time":"1 minute"},"schema":{"@context":"https:\/\/schema.org","@graph":[{"@type":"WebPage","@id":"https:\/\/ferienhaus-ursulinenhof.de\/apartment\/","url":"https:\/\/ferienhaus-ursulinenhof.de\/apartment\/","name":"Apartment - Ferienhaus Ursulinenhof","isPartOf":{"@id":"https:\/\/ferienhaus-ursulinenhof.de\/#website"},"primaryImageOfPage":{"@id":"https:\/\/ferienhaus-ursulinenhof.de\/apartment\/#primaryimage"},"image":{"@id":"https:\/\/ferienhaus-ursulinenhof.de\/apartment\/#primaryimage"},"thumbnailUrl":"https:\/\/ferienhaus-ursulinenhof.de\/wp-content\/uploads\/2026\/02\/6D7C8540-E4CA-43AF-ABD1-B8B32240D326.png","datePublished":"2026-02-07T12:24:37+00:00","dateModified":"2026-03-11T17:07:50+00:00","breadcrumb":{"@id":"https:\/\/ferienhaus-ursulinenhof.de\/apartment\/#breadcrumb"},"inLanguage":"en-US","potentialAction":[{"@type":"ReadAction","target":["https:\/\/ferienhaus-ursulinenhof.de\/apartment\/"]}]},{"@type":"ImageObject","inLanguage":"en-US","@id":"https:\/\/ferienhaus-ursulinenhof.de\/apartment\/#primaryimage","url":"https:\/\/ferienhaus-ursulinenhof.de\/wp-content\/uploads\/2026\/02\/6D7C8540-E4CA-43AF-ABD1-B8B32240D326.png","contentUrl":"https:\/\/ferienhaus-ursulinenhof.de\/wp-content\/uploads\/2026\/02\/6D7C8540-E4CA-43AF-ABD1-B8B32240D326.png"},{"@type":"BreadcrumbList","@id":"https:\/\/ferienhaus-ursulinenhof.de\/apartment\/#breadcrumb","itemListElement":[{"@type":"ListItem","position":1,"name":"Start","item":"https:\/\/ferienhaus-ursulinenhof.de\/"},{"@type":"ListItem","position":2,"name":"Apartment"}]},{"@type":"WebSite","@id":"https:\/\/ferienhaus-ursulinenhof.de\/#website","url":"https:\/\/ferienhaus-ursulinenhof.de\/","name":"Ferienhaus Ursulinenhof","description":"Natur. Ruhe. Weite.","publisher":{"@id":"https:\/\/ferienhaus-ursulinenhof.de\/#\/schema\/person\/424d19b8723edfa88c08118f7f27273a"},"potentialAction":[{"@type":"SearchAction","target":{"@type":"EntryPoint","urlTemplate":"https:\/\/ferienhaus-ursulinenhof.de\/?s={search_term_string}"},"query-input":{"@type":"PropertyValueSpecification","valueRequired":true,"valueName":"search_term_string"}}],"inLanguage":"en-US"},{"@type":["Person","Organization"],"@id":"https:\/\/ferienhaus-ursulinenhof.de\/#\/schema\/person\/424d19b8723edfa88c08118f7f27273a","name":"admin","image":{"@type":"ImageObject","inLanguage":"en-US","@id":"https:\/\/secure.gravatar.com\/avatar\/1184c367cf30a55250cf79c4f44188e45d5f61d60630791d9e194b513c3207a4?s=96&d=mm&r=g","url":"https:\/\/secure.gravatar.com\/avatar\/1184c367cf30a55250cf79c4f44188e45d5f61d60630791d9e194b513c3207a4?s=96&d=mm&r=g","contentUrl":"https:\/\/secure.gravatar.com\/avatar\/1184c367cf30a55250cf79c4f44188e45d5f61d60630791d9e194b513c3207a4?s=96&d=mm&r=g","caption":"admin"},"logo":{"@id":"https:\/\/secure.gravatar.com\/avatar\/1184c367cf30a55250cf79c4f44188e45d5f61d60630791d9e194b513c3207a4?s=96&d=mm&r=g"},"sameAs":["http:\/\/ferienhaus-ursulienenhof.de"]}]}},"_links":{"self":[{"href":"http:\/\/ferienhaus-ursulinenhof.de\/en\/wp-json\/wp\/v2\/pages\/15","targetHints":{"allow":["GET"]}}],"collection":[{"href":"http:\/\/ferienhaus-ursulinenhof.de\/en\/wp-json\/wp\/v2\/pages"}],"about":[{"href":"http:\/\/ferienhaus-ursulinenhof.de\/en\/wp-json\/wp\/v2\/types\/page"}],"author":[{"embeddable":true,"href":"http:\/\/ferienhaus-ursulinenhof.de\/en\/wp-json\/wp\/v2\/users\/1"}],"replies":[{"embeddable":true,"href":"http:\/\/ferienhaus-ursulinenhof.de\/en\/wp-json\/wp\/v2\/comments?post=15"}],"version-history":[{"count":8,"href":"http:\/\/ferienhaus-ursulinenhof.de\/en\/wp-json\/wp\/v2\/pages\/15\/revisions"}],"predecessor-version":[{"id":327,"href":"http:\/\/ferienhaus-ursulinenhof.de\/en\/wp-json\/wp\/v2\/pages\/15\/revisions\/327"}],"wp:attachment":[{"href":"http:\/\/ferienhaus-ursulinenhof.de\/en\/wp-json\/wp\/v2\/media?parent=15"}],"curies":[{"name":"wp","href":"https:\/\/api.w.org\/{rel}","templated":true}]}}