{"id":13,"date":"2026-02-07T12:24:10","date_gmt":"2026-02-07T12:24:10","guid":{"rendered":"http:\/\/ferienhaus-ursulienenhof.de\/?page_id=13"},"modified":"2026-03-16T17:08:34","modified_gmt":"2026-03-16T17:08:34","slug":"ferienhaus","status":"publish","type":"page","link":"http:\/\/ferienhaus-ursulinenhof.de\/en\/ferienhaus\/","title":{"rendered":"Vacation home"},"content":{"rendered":"<p>The spacious vacation home offers plenty of room for families, friends, or small groups.<\/p>\n\n\n\n<p><\/p>\n\n\n<div class=\"wp-block-image\">\n<figure class=\"aligncenter size-large\"><img loading=\"lazy\" decoding=\"async\" width=\"683\" height=\"1024\" src=\"http:\/\/ferienhaus-ursulienenhof.de\/wp-content\/uploads\/2026\/02\/neuAA6F0B17-2E21-4E2A-93A1-1C6951727023-683x1024.png\" alt=\"\" class=\"wp-image-236\" srcset=\"https:\/\/ferienhaus-ursulinenhof.de\/wp-content\/uploads\/2026\/02\/neuAA6F0B17-2E21-4E2A-93A1-1C6951727023-683x1024.png 683w, https:\/\/ferienhaus-ursulinenhof.de\/wp-content\/uploads\/2026\/02\/neuAA6F0B17-2E21-4E2A-93A1-1C6951727023-200x300.png 200w, https:\/\/ferienhaus-ursulinenhof.de\/wp-content\/uploads\/2026\/02\/neuAA6F0B17-2E21-4E2A-93A1-1C6951727023-768x1152.png 768w, https:\/\/ferienhaus-ursulinenhof.de\/wp-content\/uploads\/2026\/02\/neuAA6F0B17-2E21-4E2A-93A1-1C6951727023.png 1024w\" sizes=\"auto, (max-width: 683px) 100vw, 683px\" \/><\/figure>\n<\/div>\n\n\n<div style=\"height:100px\" aria-hidden=\"true\" class=\"wp-block-spacer\"><\/div>\n\n\n\n<h3 class=\"wp-block-heading\">Amenities<\/h3>\n\n\n\n<p class=\"translation-block\">The vacation home offers approximately 170 m\u00b2 (about 1,830 sq ft) of living space and comfortably accommodates up to six guests.\nThe main house features three bedrooms, including one bedroom with a double bed and an en-suite bathroom.\nThis bathroom is equipped with a shower, bathtub, and two sinks.\nTwo additional bedrooms each have two separate twin beds.\nThere is also another bathroom with a shower and toilet, as well as a separate guest restroom.<\/p>\n\n\n\n<p>Two parking spaces are available directly at the house.<br><\/p>\n\n\n\n<p class=\"translation-block\">The living area with its open fireplace, cozy seating area, and dining space invites you to relax and unwind.\nThe spacious kitchen is fully equipped.\nTelevision is available via satellite TV.<\/p>\n\n\n\n<p>The private terrace is perfect for enjoying sunny moments or hosting relaxed barbecue gatherings. <\/p>\n\n\n\n<p><\/p>\n\n\n\n<h3 class=\"wp-block-heading\">Amenities at a Glance<\/h3>\n\n\n\n<ul class=\"wp-block-list\">\n<li>Living area: approx. 170 m\u00b2 (about 1,830 sq ft)<\/li>\n\n\n\n<li>Accommodates up to 6 guests<\/li>\n\n\n\n<li>Three bedrooms<\/li>\n\n\n\n<li>Two bathrooms + guest restroom<\/li>\n\n\n\n<li>Open living area with a cozy dining space<\/li>\n\n\n\n<li>Fireplace<\/li>\n\n\n\n<li>Large, fully equipped kitchen<\/li>\n\n\n\n<li>Satellite TV<\/li>\n\n\n\n<li>Private terrace in a green setting<\/li>\n\n\n\n<li>2 on-site parking spaces<\/li>\n<\/ul>\n\n\n\n<h4 class=\"wp-block-heading\">Note<\/h4>\n\n\n\n<p>This is a non-smoking property. Pets are not allowed.<br><\/p>\n\n\n\n<div style=\"height:12px\" aria-hidden=\"true\" class=\"wp-block-spacer\"><\/div>\n\n\n\n<figure class=\"wp-block-gallery has-nested-images columns-default is-cropped wp-block-gallery-1 is-layout-flex wp-block-gallery-is-layout-flex\">\n<figure class=\"wp-block-image size-large\"><img loading=\"lazy\" decoding=\"async\" width=\"1024\" height=\"683\" data-id=\"244\" src=\"http:\/\/ferienhaus-ursulienenhof.de\/wp-content\/uploads\/2026\/02\/neu7CC506F7-87B7-45CF-9A73-4DD64DB4E79D.png\" alt=\"\" class=\"wp-image-244\" srcset=\"https:\/\/ferienhaus-ursulinenhof.de\/wp-content\/uploads\/2026\/02\/neu7CC506F7-87B7-45CF-9A73-4DD64DB4E79D.png 1024w, https:\/\/ferienhaus-ursulinenhof.de\/wp-content\/uploads\/2026\/02\/neu7CC506F7-87B7-45CF-9A73-4DD64DB4E79D-300x200.png 300w, https:\/\/ferienhaus-ursulinenhof.de\/wp-content\/uploads\/2026\/02\/neu7CC506F7-87B7-45CF-9A73-4DD64DB4E79D-768x512.png 768w\" sizes=\"auto, (max-width: 1024px) 100vw, 1024px\" \/><\/figure>\n\n\n\n<figure class=\"wp-block-image size-large\"><img loading=\"lazy\" decoding=\"async\" width=\"683\" height=\"1024\" data-id=\"247\" src=\"http:\/\/ferienhaus-ursulienenhof.de\/wp-content\/uploads\/2026\/02\/neu15B289A9-D7BD-435B-B8A4-D04551786FE0-683x1024.png\" alt=\"\" class=\"wp-image-247\" srcset=\"https:\/\/ferienhaus-ursulinenhof.de\/wp-content\/uploads\/2026\/02\/neu15B289A9-D7BD-435B-B8A4-D04551786FE0-683x1024.png 683w, https:\/\/ferienhaus-ursulinenhof.de\/wp-content\/uploads\/2026\/02\/neu15B289A9-D7BD-435B-B8A4-D04551786FE0-200x300.png 200w, https:\/\/ferienhaus-ursulinenhof.de\/wp-content\/uploads\/2026\/02\/neu15B289A9-D7BD-435B-B8A4-D04551786FE0-768x1152.png 768w, https:\/\/ferienhaus-ursulinenhof.de\/wp-content\/uploads\/2026\/02\/neu15B289A9-D7BD-435B-B8A4-D04551786FE0.png 1024w\" sizes=\"auto, (max-width: 683px) 100vw, 683px\" \/><\/figure>\n\n\n\n<figure class=\"wp-block-image size-large\"><img loading=\"lazy\" decoding=\"async\" width=\"683\" height=\"1024\" data-id=\"246\" src=\"http:\/\/ferienhaus-ursulienenhof.de\/wp-content\/uploads\/2026\/02\/neuA439DEB7-E38B-4D4D-AF55-2F2BD66FB13F-683x1024.png\" alt=\"\" class=\"wp-image-246\" srcset=\"https:\/\/ferienhaus-ursulinenhof.de\/wp-content\/uploads\/2026\/02\/neuA439DEB7-E38B-4D4D-AF55-2F2BD66FB13F-683x1024.png 683w, https:\/\/ferienhaus-ursulinenhof.de\/wp-content\/uploads\/2026\/02\/neuA439DEB7-E38B-4D4D-AF55-2F2BD66FB13F-200x300.png 200w, https:\/\/ferienhaus-ursulinenhof.de\/wp-content\/uploads\/2026\/02\/neuA439DEB7-E38B-4D4D-AF55-2F2BD66FB13F-768x1152.png 768w, https:\/\/ferienhaus-ursulinenhof.de\/wp-content\/uploads\/2026\/02\/neuA439DEB7-E38B-4D4D-AF55-2F2BD66FB13F.png 1024w\" sizes=\"auto, (max-width: 683px) 100vw, 683px\" \/><\/figure>\n\n\n\n<figure class=\"wp-block-image size-large\"><img loading=\"lazy\" decoding=\"async\" width=\"1024\" height=\"683\" data-id=\"240\" src=\"http:\/\/ferienhaus-ursulienenhof.de\/wp-content\/uploads\/2026\/02\/neu4DCD3267-AED1-4494-BC3D-4E30691BD5C8.png\" alt=\"\" class=\"wp-image-240\" srcset=\"https:\/\/ferienhaus-ursulinenhof.de\/wp-content\/uploads\/2026\/02\/neu4DCD3267-AED1-4494-BC3D-4E30691BD5C8.png 1024w, https:\/\/ferienhaus-ursulinenhof.de\/wp-content\/uploads\/2026\/02\/neu4DCD3267-AED1-4494-BC3D-4E30691BD5C8-300x200.png 300w, https:\/\/ferienhaus-ursulinenhof.de\/wp-content\/uploads\/2026\/02\/neu4DCD3267-AED1-4494-BC3D-4E30691BD5C8-768x512.png 768w\" sizes=\"auto, (max-width: 1024px) 100vw, 1024px\" \/><\/figure>\n\n\n\n<figure class=\"wp-block-image size-large\"><img loading=\"lazy\" decoding=\"async\" width=\"1024\" height=\"683\" data-id=\"239\" src=\"http:\/\/ferienhaus-ursulienenhof.de\/wp-content\/uploads\/2026\/02\/neu042DE40D-79D9-4A10-BBC6-ED5778AD1636.png\" alt=\"\" class=\"wp-image-239\" srcset=\"https:\/\/ferienhaus-ursulinenhof.de\/wp-content\/uploads\/2026\/02\/neu042DE40D-79D9-4A10-BBC6-ED5778AD1636.png 1024w, https:\/\/ferienhaus-ursulinenhof.de\/wp-content\/uploads\/2026\/02\/neu042DE40D-79D9-4A10-BBC6-ED5778AD1636-300x200.png 300w, https:\/\/ferienhaus-ursulinenhof.de\/wp-content\/uploads\/2026\/02\/neu042DE40D-79D9-4A10-BBC6-ED5778AD1636-768x512.png 768w\" sizes=\"auto, (max-width: 1024px) 100vw, 1024px\" \/><\/figure>\n\n\n\n<figure class=\"wp-block-image size-large\"><img loading=\"lazy\" decoding=\"async\" width=\"683\" height=\"1024\" data-id=\"238\" src=\"http:\/\/ferienhaus-ursulienenhof.de\/wp-content\/uploads\/2026\/02\/neuEF11063B-F815-4E33-BC62-CA1794F802AC-683x1024.png\" alt=\"\" class=\"wp-image-238\" srcset=\"https:\/\/ferienhaus-ursulinenhof.de\/wp-content\/uploads\/2026\/02\/neuEF11063B-F815-4E33-BC62-CA1794F802AC-683x1024.png 683w, https:\/\/ferienhaus-ursulinenhof.de\/wp-content\/uploads\/2026\/02\/neuEF11063B-F815-4E33-BC62-CA1794F802AC-200x300.png 200w, https:\/\/ferienhaus-ursulinenhof.de\/wp-content\/uploads\/2026\/02\/neuEF11063B-F815-4E33-BC62-CA1794F802AC-768x1152.png 768w, https:\/\/ferienhaus-ursulinenhof.de\/wp-content\/uploads\/2026\/02\/neuEF11063B-F815-4E33-BC62-CA1794F802AC.png 1024w\" sizes=\"auto, (max-width: 683px) 100vw, 683px\" \/><\/figure>\n\n\n\n<figure class=\"wp-block-image size-large\"><img loading=\"lazy\" decoding=\"async\" width=\"953\" height=\"1024\" data-id=\"241\" src=\"http:\/\/ferienhaus-ursulienenhof.de\/wp-content\/uploads\/2026\/02\/neuB0DACAC2-38EA-42B2-A9FA-06C1A9D02225.jpg\" alt=\"\" class=\"wp-image-241\" srcset=\"https:\/\/ferienhaus-ursulinenhof.de\/wp-content\/uploads\/2026\/02\/neuB0DACAC2-38EA-42B2-A9FA-06C1A9D02225.jpg 953w, https:\/\/ferienhaus-ursulinenhof.de\/wp-content\/uploads\/2026\/02\/neuB0DACAC2-38EA-42B2-A9FA-06C1A9D02225-279x300.jpg 279w, https:\/\/ferienhaus-ursulinenhof.de\/wp-content\/uploads\/2026\/02\/neuB0DACAC2-38EA-42B2-A9FA-06C1A9D02225-768x825.jpg 768w\" sizes=\"auto, (max-width: 953px) 100vw, 953px\" \/><\/figure>\n\n\n\n<figure class=\"wp-block-image size-large\"><img loading=\"lazy\" decoding=\"async\" width=\"683\" height=\"1024\" data-id=\"242\" src=\"http:\/\/ferienhaus-ursulienenhof.de\/wp-content\/uploads\/2026\/02\/neu7ABEF620-575D-4F2F-B70E-4484B34E0E07-683x1024.png\" alt=\"\" class=\"wp-image-242\" srcset=\"https:\/\/ferienhaus-ursulinenhof.de\/wp-content\/uploads\/2026\/02\/neu7ABEF620-575D-4F2F-B70E-4484B34E0E07-683x1024.png 683w, https:\/\/ferienhaus-ursulinenhof.de\/wp-content\/uploads\/2026\/02\/neu7ABEF620-575D-4F2F-B70E-4484B34E0E07-200x300.png 200w, https:\/\/ferienhaus-ursulinenhof.de\/wp-content\/uploads\/2026\/02\/neu7ABEF620-575D-4F2F-B70E-4484B34E0E07-768x1152.png 768w, https:\/\/ferienhaus-ursulinenhof.de\/wp-content\/uploads\/2026\/02\/neu7ABEF620-575D-4F2F-B70E-4484B34E0E07.png 1024w\" sizes=\"auto, (max-width: 683px) 100vw, 683px\" \/><\/figure>\n\n\n\n<figure class=\"wp-block-image size-large\"><img loading=\"lazy\" decoding=\"async\" width=\"683\" height=\"1024\" data-id=\"243\" src=\"http:\/\/ferienhaus-ursulienenhof.de\/wp-content\/uploads\/2026\/02\/neuE1D037B0-313B-4885-9789-4D842B86BEB2-683x1024.png\" alt=\"\" class=\"wp-image-243\" srcset=\"https:\/\/ferienhaus-ursulinenhof.de\/wp-content\/uploads\/2026\/02\/neuE1D037B0-313B-4885-9789-4D842B86BEB2-683x1024.png 683w, https:\/\/ferienhaus-ursulinenhof.de\/wp-content\/uploads\/2026\/02\/neuE1D037B0-313B-4885-9789-4D842B86BEB2-200x300.png 200w, https:\/\/ferienhaus-ursulinenhof.de\/wp-content\/uploads\/2026\/02\/neuE1D037B0-313B-4885-9789-4D842B86BEB2-768x1152.png 768w, https:\/\/ferienhaus-ursulinenhof.de\/wp-content\/uploads\/2026\/02\/neuE1D037B0-313B-4885-9789-4D842B86BEB2.png 1024w\" sizes=\"auto, (max-width: 683px) 100vw, 683px\" \/><\/figure>\n\n\n\n<figure class=\"wp-block-image size-large\"><img loading=\"lazy\" decoding=\"async\" width=\"1024\" height=\"683\" data-id=\"245\" src=\"http:\/\/ferienhaus-ursulienenhof.de\/wp-content\/uploads\/2026\/02\/neu131299D7-68ED-4ED5-8E3E-ACD7FCA18682.png\" alt=\"\" class=\"wp-image-245\" srcset=\"https:\/\/ferienhaus-ursulinenhof.de\/wp-content\/uploads\/2026\/02\/neu131299D7-68ED-4ED5-8E3E-ACD7FCA18682.png 1024w, https:\/\/ferienhaus-ursulinenhof.de\/wp-content\/uploads\/2026\/02\/neu131299D7-68ED-4ED5-8E3E-ACD7FCA18682-300x200.png 300w, https:\/\/ferienhaus-ursulinenhof.de\/wp-content\/uploads\/2026\/02\/neu131299D7-68ED-4ED5-8E3E-ACD7FCA18682-768x512.png 768w\" sizes=\"auto, (max-width: 1024px) 100vw, 1024px\" \/><\/figure>\n\n\n\n<figure class=\"wp-block-image size-large\"><img loading=\"lazy\" decoding=\"async\" width=\"683\" height=\"1024\" data-id=\"248\" src=\"http:\/\/ferienhaus-ursulienenhof.de\/wp-content\/uploads\/2026\/02\/neuC06A4A16-22F1-45F1-96A0-E50A0A8AD56A-683x1024.png\" alt=\"\" class=\"wp-image-248\" srcset=\"https:\/\/ferienhaus-ursulinenhof.de\/wp-content\/uploads\/2026\/02\/neuC06A4A16-22F1-45F1-96A0-E50A0A8AD56A-683x1024.png 683w, https:\/\/ferienhaus-ursulinenhof.de\/wp-content\/uploads\/2026\/02\/neuC06A4A16-22F1-45F1-96A0-E50A0A8AD56A-200x300.png 200w, https:\/\/ferienhaus-ursulinenhof.de\/wp-content\/uploads\/2026\/02\/neuC06A4A16-22F1-45F1-96A0-E50A0A8AD56A-768x1152.png 768w, https:\/\/ferienhaus-ursulinenhof.de\/wp-content\/uploads\/2026\/02\/neuC06A4A16-22F1-45F1-96A0-E50A0A8AD56A.png 1024w\" sizes=\"auto, (max-width: 683px) 100vw, 683px\" \/><\/figure>\n<\/figure>\n\n\n\n<div style=\"height:100px\" aria-hidden=\"true\" class=\"wp-block-spacer\"><\/div>\n\n\n\n<div class=\"wp-block-buttons is-content-justification-center is-layout-flex wp-container-core-buttons-is-layout-16018d1d wp-block-buttons-is-layout-flex\">\n<div class=\"wp-block-button\"><a class=\"wp-block-button__link wp-element-button\" href=\"http:\/\/ferienhaus-ursulienenhof.de\/verfuegbarkeit\/\">Check Availability<\/a><\/div>\n\n\n\n<div class=\"wp-block-button\"><a class=\"wp-block-button__link wp-element-button\" href=\"https:\/\/ferienhaus-ursulinenhof.de\/en\/preise\/\">View prices<\/a><\/div>\n<\/div>","protected":false},"excerpt":{"rendered":"<p>Das gro\u00dfz\u00fcgige Ferienhaus bietet viel Platz f\u00fcr Familien, Freunde oder kleine Gruppen. Ausstattung Das Ferienhaus verf\u00fcgt \u00fcber eine Wohnfl\u00e4che von ca. 170 m\u00b2 und bietet bequem Platz f\u00fcr bis zu sechs Personen. Im Haupthaus befinden sich drei Schlafzimmer, davon ein Schlafzimmer mit Doppelbett und Bad en Suite. Dieses Bad ist mit Dusche, Badewanne und zwei [&hellip;]<\/p>\n","protected":false},"author":1,"featured_media":0,"parent":0,"menu_order":0,"comment_status":"closed","ping_status":"closed","template":"","meta":{"footnotes":""},"class_list":["post-13","page","type-page","status-publish","hentry"],"yoast_head":"<!-- This site is optimized with the Yoast SEO plugin v27.4 - https:\/\/yoast.com\/product\/yoast-seo-wordpress\/ -->\n<title>Ferienhaus - Ferienhaus Ursulinenhof<\/title>\n<meta name=\"robots\" content=\"index, follow, max-snippet:-1, max-image-preview:large, max-video-preview:-1\" \/>\n<link rel=\"canonical\" href=\"https:\/\/ferienhaus-ursulinenhof.de\/en\/ferienhaus\/\" \/>\n<meta property=\"og:locale\" content=\"en_US\" \/>\n<meta property=\"og:type\" content=\"article\" \/>\n<meta property=\"og:title\" content=\"Ferienhaus - Ferienhaus Ursulinenhof\" \/>\n<meta property=\"og:description\" content=\"Das gro\u00dfz\u00fcgige Ferienhaus bietet viel Platz f\u00fcr Familien, Freunde oder kleine Gruppen. Ausstattung Das Ferienhaus verf\u00fcgt \u00fcber eine Wohnfl\u00e4che von ca. 170 m\u00b2 und bietet bequem Platz f\u00fcr bis zu sechs Personen. Im Haupthaus befinden sich drei Schlafzimmer, davon ein Schlafzimmer mit Doppelbett und Bad en Suite. Dieses Bad ist mit Dusche, Badewanne und zwei [&hellip;]\" \/>\n<meta property=\"og:url\" content=\"https:\/\/ferienhaus-ursulinenhof.de\/en\/ferienhaus\/\" \/>\n<meta property=\"og:site_name\" content=\"Ferienhaus Ursulinenhof\" \/>\n<meta property=\"article:modified_time\" content=\"2026-03-16T17:08:34+00:00\" \/>\n<meta property=\"og:image\" content=\"https:\/\/ferienhaus-ursulinenhof.de\/wp-content\/uploads\/2026\/02\/neuAA6F0B17-2E21-4E2A-93A1-1C6951727023-683x1024.png\" \/>\n\t<meta property=\"og:image:width\" content=\"683\" \/>\n\t<meta property=\"og:image:height\" content=\"1024\" \/>\n\t<meta property=\"og:image:type\" content=\"image\/png\" \/>\n<meta name=\"twitter:card\" content=\"summary_large_image\" \/>\n<meta name=\"twitter:label1\" content=\"Est. reading time\" \/>\n\t<meta name=\"twitter:data1\" content=\"4 minutes\" \/>\n<script type=\"application\/ld+json\" class=\"yoast-schema-graph\">{\"@context\":\"https:\\\/\\\/schema.org\",\"@graph\":[{\"@type\":\"WebPage\",\"@id\":\"https:\\\/\\\/ferienhaus-ursulinenhof.de\\\/ferienhaus\\\/\",\"url\":\"https:\\\/\\\/ferienhaus-ursulinenhof.de\\\/ferienhaus\\\/\",\"name\":\"Ferienhaus - Ferienhaus Ursulinenhof\",\"isPartOf\":{\"@id\":\"https:\\\/\\\/ferienhaus-ursulinenhof.de\\\/#website\"},\"primaryImageOfPage\":{\"@id\":\"https:\\\/\\\/ferienhaus-ursulinenhof.de\\\/ferienhaus\\\/#primaryimage\"},\"image\":{\"@id\":\"https:\\\/\\\/ferienhaus-ursulinenhof.de\\\/ferienhaus\\\/#primaryimage\"},\"thumbnailUrl\":\"http:\\\/\\\/ferienhaus-ursulienenhof.de\\\/wp-content\\\/uploads\\\/2026\\\/02\\\/neuAA6F0B17-2E21-4E2A-93A1-1C6951727023-683x1024.png\",\"datePublished\":\"2026-02-07T12:24:10+00:00\",\"dateModified\":\"2026-03-16T17:08:34+00:00\",\"breadcrumb\":{\"@id\":\"https:\\\/\\\/ferienhaus-ursulinenhof.de\\\/ferienhaus\\\/#breadcrumb\"},\"inLanguage\":\"en-US\",\"potentialAction\":[{\"@type\":\"ReadAction\",\"target\":[\"https:\\\/\\\/ferienhaus-ursulinenhof.de\\\/ferienhaus\\\/\"]}]},{\"@type\":\"ImageObject\",\"inLanguage\":\"en-US\",\"@id\":\"https:\\\/\\\/ferienhaus-ursulinenhof.de\\\/ferienhaus\\\/#primaryimage\",\"url\":\"http:\\\/\\\/ferienhaus-ursulienenhof.de\\\/wp-content\\\/uploads\\\/2026\\\/02\\\/neuAA6F0B17-2E21-4E2A-93A1-1C6951727023-683x1024.png\",\"contentUrl\":\"http:\\\/\\\/ferienhaus-ursulienenhof.de\\\/wp-content\\\/uploads\\\/2026\\\/02\\\/neuAA6F0B17-2E21-4E2A-93A1-1C6951727023-683x1024.png\"},{\"@type\":\"BreadcrumbList\",\"@id\":\"https:\\\/\\\/ferienhaus-ursulinenhof.de\\\/ferienhaus\\\/#breadcrumb\",\"itemListElement\":[{\"@type\":\"ListItem\",\"position\":1,\"name\":\"Start\",\"item\":\"https:\\\/\\\/ferienhaus-ursulinenhof.de\\\/\"},{\"@type\":\"ListItem\",\"position\":2,\"name\":\"Ferienhaus\"}]},{\"@type\":\"WebSite\",\"@id\":\"https:\\\/\\\/ferienhaus-ursulinenhof.de\\\/#website\",\"url\":\"https:\\\/\\\/ferienhaus-ursulinenhof.de\\\/\",\"name\":\"Ferienhaus Ursulinenhof\",\"description\":\"Natur. Ruhe. Weite.\",\"publisher\":{\"@id\":\"https:\\\/\\\/ferienhaus-ursulinenhof.de\\\/#\\\/schema\\\/person\\\/424d19b8723edfa88c08118f7f27273a\"},\"potentialAction\":[{\"@type\":\"SearchAction\",\"target\":{\"@type\":\"EntryPoint\",\"urlTemplate\":\"https:\\\/\\\/ferienhaus-ursulinenhof.de\\\/?s={search_term_string}\"},\"query-input\":{\"@type\":\"PropertyValueSpecification\",\"valueRequired\":true,\"valueName\":\"search_term_string\"}}],\"inLanguage\":\"en-US\"},{\"@type\":[\"Person\",\"Organization\"],\"@id\":\"https:\\\/\\\/ferienhaus-ursulinenhof.de\\\/#\\\/schema\\\/person\\\/424d19b8723edfa88c08118f7f27273a\",\"name\":\"admin\",\"image\":{\"@type\":\"ImageObject\",\"inLanguage\":\"en-US\",\"@id\":\"https:\\\/\\\/secure.gravatar.com\\\/avatar\\\/1184c367cf30a55250cf79c4f44188e45d5f61d60630791d9e194b513c3207a4?s=96&d=mm&r=g\",\"url\":\"https:\\\/\\\/secure.gravatar.com\\\/avatar\\\/1184c367cf30a55250cf79c4f44188e45d5f61d60630791d9e194b513c3207a4?s=96&d=mm&r=g\",\"contentUrl\":\"https:\\\/\\\/secure.gravatar.com\\\/avatar\\\/1184c367cf30a55250cf79c4f44188e45d5f61d60630791d9e194b513c3207a4?s=96&d=mm&r=g\",\"caption\":\"admin\"},\"logo\":{\"@id\":\"https:\\\/\\\/secure.gravatar.com\\\/avatar\\\/1184c367cf30a55250cf79c4f44188e45d5f61d60630791d9e194b513c3207a4?s=96&d=mm&r=g\"},\"sameAs\":[\"http:\\\/\\\/ferienhaus-ursulienenhof.de\"]}]}<\/script>\n<!-- \/ Yoast SEO plugin. -->","yoast_head_json":{"title":"Ferienhaus - Ferienhaus Ursulinenhof","robots":{"index":"index","follow":"follow","max-snippet":"max-snippet:-1","max-image-preview":"max-image-preview:large","max-video-preview":"max-video-preview:-1"},"canonical":"https:\/\/ferienhaus-ursulinenhof.de\/en\/ferienhaus\/","og_locale":"en_US","og_type":"article","og_title":"Ferienhaus - Ferienhaus Ursulinenhof","og_description":"Das gro\u00dfz\u00fcgige Ferienhaus bietet viel Platz f\u00fcr Familien, Freunde oder kleine Gruppen. Ausstattung Das Ferienhaus verf\u00fcgt \u00fcber eine Wohnfl\u00e4che von ca. 170 m\u00b2 und bietet bequem Platz f\u00fcr bis zu sechs Personen. Im Haupthaus befinden sich drei Schlafzimmer, davon ein Schlafzimmer mit Doppelbett und Bad en Suite. Dieses Bad ist mit Dusche, Badewanne und zwei [&hellip;]","og_url":"https:\/\/ferienhaus-ursulinenhof.de\/en\/ferienhaus\/","og_site_name":"Ferienhaus Ursulinenhof","article_modified_time":"2026-03-16T17:08:34+00:00","og_image":[{"width":683,"height":1024,"url":"https:\/\/ferienhaus-ursulinenhof.de\/wp-content\/uploads\/2026\/02\/neuAA6F0B17-2E21-4E2A-93A1-1C6951727023-683x1024.png","type":"image\/png"}],"twitter_card":"summary_large_image","twitter_misc":{"Est. reading time":"4 minutes"},"schema":{"@context":"https:\/\/schema.org","@graph":[{"@type":"WebPage","@id":"https:\/\/ferienhaus-ursulinenhof.de\/ferienhaus\/","url":"https:\/\/ferienhaus-ursulinenhof.de\/ferienhaus\/","name":"Ferienhaus - Ferienhaus Ursulinenhof","isPartOf":{"@id":"https:\/\/ferienhaus-ursulinenhof.de\/#website"},"primaryImageOfPage":{"@id":"https:\/\/ferienhaus-ursulinenhof.de\/ferienhaus\/#primaryimage"},"image":{"@id":"https:\/\/ferienhaus-ursulinenhof.de\/ferienhaus\/#primaryimage"},"thumbnailUrl":"http:\/\/ferienhaus-ursulienenhof.de\/wp-content\/uploads\/2026\/02\/neuAA6F0B17-2E21-4E2A-93A1-1C6951727023-683x1024.png","datePublished":"2026-02-07T12:24:10+00:00","dateModified":"2026-03-16T17:08:34+00:00","breadcrumb":{"@id":"https:\/\/ferienhaus-ursulinenhof.de\/ferienhaus\/#breadcrumb"},"inLanguage":"en-US","potentialAction":[{"@type":"ReadAction","target":["https:\/\/ferienhaus-ursulinenhof.de\/ferienhaus\/"]}]},{"@type":"ImageObject","inLanguage":"en-US","@id":"https:\/\/ferienhaus-ursulinenhof.de\/ferienhaus\/#primaryimage","url":"http:\/\/ferienhaus-ursulienenhof.de\/wp-content\/uploads\/2026\/02\/neuAA6F0B17-2E21-4E2A-93A1-1C6951727023-683x1024.png","contentUrl":"http:\/\/ferienhaus-ursulienenhof.de\/wp-content\/uploads\/2026\/02\/neuAA6F0B17-2E21-4E2A-93A1-1C6951727023-683x1024.png"},{"@type":"BreadcrumbList","@id":"https:\/\/ferienhaus-ursulinenhof.de\/ferienhaus\/#breadcrumb","itemListElement":[{"@type":"ListItem","position":1,"name":"Start","item":"https:\/\/ferienhaus-ursulinenhof.de\/"},{"@type":"ListItem","position":2,"name":"Ferienhaus"}]},{"@type":"WebSite","@id":"https:\/\/ferienhaus-ursulinenhof.de\/#website","url":"https:\/\/ferienhaus-ursulinenhof.de\/","name":"Ferienhaus Ursulinenhof","description":"Natur. Ruhe. Weite.","publisher":{"@id":"https:\/\/ferienhaus-ursulinenhof.de\/#\/schema\/person\/424d19b8723edfa88c08118f7f27273a"},"potentialAction":[{"@type":"SearchAction","target":{"@type":"EntryPoint","urlTemplate":"https:\/\/ferienhaus-ursulinenhof.de\/?s={search_term_string}"},"query-input":{"@type":"PropertyValueSpecification","valueRequired":true,"valueName":"search_term_string"}}],"inLanguage":"en-US"},{"@type":["Person","Organization"],"@id":"https:\/\/ferienhaus-ursulinenhof.de\/#\/schema\/person\/424d19b8723edfa88c08118f7f27273a","name":"admin","image":{"@type":"ImageObject","inLanguage":"en-US","@id":"https:\/\/secure.gravatar.com\/avatar\/1184c367cf30a55250cf79c4f44188e45d5f61d60630791d9e194b513c3207a4?s=96&d=mm&r=g","url":"https:\/\/secure.gravatar.com\/avatar\/1184c367cf30a55250cf79c4f44188e45d5f61d60630791d9e194b513c3207a4?s=96&d=mm&r=g","contentUrl":"https:\/\/secure.gravatar.com\/avatar\/1184c367cf30a55250cf79c4f44188e45d5f61d60630791d9e194b513c3207a4?s=96&d=mm&r=g","caption":"admin"},"logo":{"@id":"https:\/\/secure.gravatar.com\/avatar\/1184c367cf30a55250cf79c4f44188e45d5f61d60630791d9e194b513c3207a4?s=96&d=mm&r=g"},"sameAs":["http:\/\/ferienhaus-ursulienenhof.de"]}]}},"_links":{"self":[{"href":"http:\/\/ferienhaus-ursulinenhof.de\/en\/wp-json\/wp\/v2\/pages\/13","targetHints":{"allow":["GET"]}}],"collection":[{"href":"http:\/\/ferienhaus-ursulinenhof.de\/en\/wp-json\/wp\/v2\/pages"}],"about":[{"href":"http:\/\/ferienhaus-ursulinenhof.de\/en\/wp-json\/wp\/v2\/types\/page"}],"author":[{"embeddable":true,"href":"http:\/\/ferienhaus-ursulinenhof.de\/en\/wp-json\/wp\/v2\/users\/1"}],"replies":[{"embeddable":true,"href":"http:\/\/ferienhaus-ursulinenhof.de\/en\/wp-json\/wp\/v2\/comments?post=13"}],"version-history":[{"count":17,"href":"http:\/\/ferienhaus-ursulinenhof.de\/en\/wp-json\/wp\/v2\/pages\/13\/revisions"}],"predecessor-version":[{"id":512,"href":"http:\/\/ferienhaus-ursulinenhof.de\/en\/wp-json\/wp\/v2\/pages\/13\/revisions\/512"}],"wp:attachment":[{"href":"http:\/\/ferienhaus-ursulinenhof.de\/en\/wp-json\/wp\/v2\/media?parent=13"}],"curies":[{"name":"wp","href":"https:\/\/api.w.org\/{rel}","templated":true}]}}